{"id":6456,"date":"2010-07-03T16:38:53","date_gmt":"2010-07-03T21:38:53","guid":{"rendered":"http:\/\/fraynelson.com\/blog\/"},"modified":"2012-05-16T18:31:19","modified_gmt":"2012-05-16T23:31:19","slug":"eventos","status":"publish","type":"page","link":"https:\/\/fraynelson.com\/blog\/eventos\/","title":{"rendered":"Eventos de Fray Nelson"},"content":{"rendered":"<p>\u00daltima actualizaci\u00f3n: Mi\u00e9rcoles 16 de Mayo de 2012, 6:40 PM<\/p>\n<p><center><\/p>\n<table border=\"1\" cellspacing=\"1\" cellpadding=\"1\" width=\"96%\" valign= \"top\">\n<tr>\n<td valign=\"middle\" bgcolor=#590B00>\n\t<font color =#FFFFFF><b>Fecha<\/b><\/font>\n\t<\/td>\n<td valign=\"middle\" bgcolor=#590B00>\n\t<font color =#FFFFFF><b>Evento<\/b><\/font>\n\t<\/td>\n<td valign=\"middle\" bgcolor=#590B00>\n\t<font color =#FFFFFF><b>Lugar<\/b><\/font>\n\t<\/td>\n<td valign=\"middle\" bgcolor=#590B00>\n\t<font color =#FFFFFF><b>Hora<\/b><\/font>\n\t<\/td>\n<td valign=\"middle\" bgcolor=#590B00>\n\t<font color =#FFFFFF><i><b>Contacto:<\/b><\/i><\/font>\n\t<\/td>\n<\/tr>\n<tr>\n<td valign=\"middle\" >\n\t<font color =#000000><b>Domingo 13 de Mayo<\/b><\/font>\n\t<\/td>\n<td valign=\"middle\" >\n\t<font color =#000000>Caminando sobre las Aguas<\/font>\n\t<\/td>\n<td valign=\"middle\" >\n\t<font color =#000000>Colegio N. S. de Chiquinquir\u00e1, calle 63 # 15-70, Bogot\u00e1, COLOMBIA<\/font>\n\t<\/td>\n<td valign=\"middle\" >\n\t<font color =#000000><b>8:00 am &#8211; 1:00 pm<\/b><\/font>\n\t<\/td>\n<td valign=\"middle\" >\n\t<font color =#000000>Tel. +57 (1) 248-2403; Cel. +57 311 235-7568<\/font>\n\t<\/td>\n<\/tr>\n<tr>\n<td valign=\"middle\" >\n\t<font color =#000000><b>Domingo 20 de Mayo<\/b><\/font>\n\t<\/td>\n<td valign=\"middle\" >\n\t<font color =#000000><b><a href=\"https:\/\/www.google.com\/calendar\/event?eid=OHRvMnNhZG10YjQ4cjU3NWN0Z3M3aGd2NDAgbWRqbWluaXN0cmllc255QG0&#038;ctz=\">Mar\u00eda, Modelo de Fe<\/a><\/b><\/font>\n\t<\/td>\n<td valign=\"middle\" >\n\t<font color =#000000>Paradise Theater, 2403 Grand Concourse Avenue, Bronx NY 10468, ESTADOS UNIDOS<\/font>\n\t<\/td>\n<td valign=\"middle\" >\n\t<font color =#000000><b>09:00 a 18:00 horas<\/b><\/font>\n\t<\/td>\n<td valign=\"middle\" >\n\t<font color =#000000>+1 (718) 409-2185<\/font>\n\t<\/td>\n<\/tr>\n<\/table>\n<p><\/center><\/p>\n<p><code>[ <strong>NOTA<\/strong>: El n\u00famero despu\u00e9s del signo \" + \" es el prefijo telef\u00f3nico internacional. As\u00ed por ejemplo, \"+57\" corresponde al prefijo de Colombia. \"+1\" es para Estados Unidos y Canad\u00e1, y as\u00ed sucesivamente. ]<\/code><\/p>\n","protected":false},"excerpt":{"rendered":"<p>\u00daltima actualizaci\u00f3n: Mi\u00e9rcoles 16 de Mayo de 2012, 6:40 PM Fecha Evento Lugar Hora Contacto: Domingo 13 de Mayo Caminando sobre las Aguas Colegio N. S. de Chiquinquir\u00e1, calle 63 # 15-70, Bogot\u00e1, COLOMBIA 8:00 am &#8211; 1:00 pm Tel. +57 (1) 248-2403; Cel. +57 311 235-7568 Domingo 20 de Mayo Mar\u00eda, Modelo de Fe &hellip; <\/p>\n<p class=\"link-more\"><a href=\"https:\/\/fraynelson.com\/blog\/eventos\/\" class=\"more-link\">Continuar leyendo<span class=\"screen-reader-text\"> &#8220;Eventos de Fray Nelson&#8221;<\/span><\/a><\/p>\n","protected":false},"author":1138,"featured_media":0,"parent":0,"menu_order":2,"comment_status":"closed","ping_status":"closed","template":"","meta":{"footnotes":""},"class_list":["post-6456","page","type-page","status-publish","hentry"],"_links":{"self":[{"href":"https:\/\/fraynelson.com\/blog\/wp-json\/wp\/v2\/pages\/6456","targetHints":{"allow":["GET"]}}],"collection":[{"href":"https:\/\/fraynelson.com\/blog\/wp-json\/wp\/v2\/pages"}],"about":[{"href":"https:\/\/fraynelson.com\/blog\/wp-json\/wp\/v2\/types\/page"}],"author":[{"embeddable":true,"href":"https:\/\/fraynelson.com\/blog\/wp-json\/wp\/v2\/users\/1138"}],"replies":[{"embeddable":true,"href":"https:\/\/fraynelson.com\/blog\/wp-json\/wp\/v2\/comments?post=6456"}],"version-history":[{"count":48,"href":"https:\/\/fraynelson.com\/blog\/wp-json\/wp\/v2\/pages\/6456\/revisions"}],"predecessor-version":[{"id":14946,"href":"https:\/\/fraynelson.com\/blog\/wp-json\/wp\/v2\/pages\/6456\/revisions\/14946"}],"wp:attachment":[{"href":"https:\/\/fraynelson.com\/blog\/wp-json\/wp\/v2\/media?parent=6456"}],"curies":[{"name":"wp","href":"https:\/\/api.w.org\/{rel}","templated":true}]}}