{"id":61695,"date":"2018-04-03T18:00:33","date_gmt":"2018-04-03T23:00:33","guid":{"rendered":"http:\/\/fraynelson.com\/blog\/?page_id=61695"},"modified":"2022-02-14T21:57:33","modified_gmt":"2022-02-15T02:57:33","slug":"apoya-esta-obra","status":"publish","type":"page","link":"https:\/\/fraynelson.com\/blog\/apoya-esta-obra\/","title":{"rendered":"Apoya esta obra!"},"content":{"rendered":"<p><a href=\"http:\/\/fraynelson.com\"><img decoding=\"async\" src=\"http:\/\/fraynelson.com\/banco_imagenes\/casita.jpg\" alt=\"Esta es tu casa!\" border=\"0\" \/><\/a><br \/>\n<a name=\"arriba\"><\/a><\/p>\n<div align=\"left\">\n<p>T\u00fa puedes ayudarnos en esta obra, en primer lugar con tu <b><a href=\"http:\/\/fraynelson.com\/comunidad\">oraci\u00f3n<\/a><\/b> o con <b><a href=\"http:\/\/fraynelson.com\/wiki\/\">transcripciones de homil\u00edas<\/a><\/b>, y tambi\u00e9n con tu dinero. <b>Cualquier cantidad es un aporte y es v\u00e1lido.<\/b> Nuestros gastos no son muy grandes, pero para servir mejor necesitamos tu soporte. <em>Ten en cuenta que las condiciones de transferencia internacional cambian mucho de pa\u00eds a pa\u00eds, e incluso de una cuenta a otra en el mismo pa\u00eds. Te pido que pruebes qu\u00e9 funciona mejor para ti.<\/em><\/p>\n<p><a name=\"PayPal\"><\/a><\/p>\n<h2>\u00a1De nuevo <b>PayPal<\/b>!<\/h2>\n<p><a href=\"https:\/\/paypal.me\/fraynelsonmedina?locale.x=es_XC\" target=\"_blank\" rel=\"noopener\"><img decoding=\"async\" src=\"http:\/\/fraynelson.com\/banco_imagenes\/paypal-donacion.gif\" alt=\"PayPal\" \/><br \/>\n\u00a1Haz clic aqu\u00ed!<\/a><\/p>\n<p><a name=\"Colombia\"><\/a><\/p>\n<h2>\u00bfResides en <b>Colombia<\/b>?<\/h2>\n<p>RECUERDA que hoy existe la opci\u00f3n de realizar transferencias electr\u00f3nicas desde tu celular o tu computador. Por ejemplo, a partir de: Bancolombia, Davivienda, BBVA, y otras entidades. Utiliza por favor una de estas cuentas:<\/p>\n<p><b>* Banco Caja Social, Cuenta de Ahorros: 2451 722 2234<br \/>\nNelson Medina<\/b><\/p>\n<p><b>* Bancolombia, Cuenta de Ahorros: 632-708707-99<\/b><\/p>\n<p><b>* Davivienda, Cuenta de Ahorros: 0570 4738 7020 8047<\/b><\/p>\n<p><a name=\"Espana\"><\/a><\/p>\n<h2>Prueba esta opci\u00f3n desde <b>Espa\u00f1a<\/b>!<\/h2>\n<p><b><a href=\"https:\/\/www.remitly.com\/es\/es\/colombia\" target=\"_blank\" rel=\"noopener\">Remitly<\/a><\/b> es un servicio de transferencia del que hemos recibido muy buenas referencias desde Espa\u00f1a, y parece funcionar en otros pa\u00edses. Para indicar el <em>destinatario en Colombia<\/em>, <b><a href=\"https:\/\/www.remitly.com\/es\/es\/colombia\" target=\"_blank\" rel=\"noopener\">haces clic aqu\u00ed<\/a><\/b> y utilizas por favor esta cuenta:<\/p>\n<p><b>* Bancolombia, Cuenta de Ahorros: 632-708707-99<br \/>\nNelson Medina<\/b><br \/>\nCarrera 1 # 68-50<br \/>\nBogot\u00e1,<br \/>\nCundinamarca<br \/>\nCOLOMBIA<\/p>\n<p><a name=\"AmericaLatina\"><\/a><\/p>\n<h2>Pa\u00edses donde se ha probado y funciona <b><i>MercadoPago<\/i><\/b><\/h2>\n<p><i>MercadoPago<\/i> es una plataforma acredita internacionalmente, que facilita transacciones de donaci\u00f3n o venta en diversos pa\u00edses, por ejemplo: Colombia, Venezuela, Per\u00fa, Bolivia, Brasil, Uruguay, Argentina, y otros. ATENCI\u00d3N: [M\u00e1s informaci\u00f3n sobre <i>MercadoPago<\/i> <a href=\"https:\/\/www.woosync.io\/que-es-como-funciona-mercado-pago-guia-ayuda\/\" target=\"_blank\" rel=\"noopener\">aqu\u00ed<\/a> y <a href=\"https:\/\/www.youtube.com\/watch?v=_QCrfYk-ra0\" target=\"_blank\" rel=\"noopener\">aqu\u00ed<\/a>.]<\/p>\n<p>* Quiero donar <a href=\"https:\/\/mpago.li\/26CaCCw\" target=\"_blank\" rel=\"noopener\"><b>$20.000 COL<\/b><\/a> (menos de US $6)<\/p>\n<p>* Prefiero donar <a href=\"https:\/\/mpago.la\/2LXRAiD\" target=\"_blank\" rel=\"noopener\"><b>$50.000 COL<\/b><\/a> (menos de US $14)<\/p>\n<p>* Esta vez donar\u00e9 <a href=\"https:\/\/mpago.li\/2jy9rKr\" target=\"_blank\" rel=\"noopener\"><b>$100.000 COL<\/b><\/a> (menos de US $28)<\/p>\n<p>* Puedo donar <a href=\"https:\/\/mpago.li\/2qaPHZP\" target=\"_blank\" rel=\"noopener\"><b>$200.000 COL<\/b><\/a> (menos de US $55)<\/p>\n<p>* \u00a1Bendito sea Dios! Donar\u00e9 <a href=\"https:\/\/mpago.li\/2cnZwM1\" target=\"_blank\" rel=\"noopener\"><b>$500.000 COL<\/b><\/a> (menos de US $140)<\/p>\n<p><a name=\"EEUU\"><\/a><\/p>\n<h2>\u00bfEst\u00e1s en los <b>Estados Unidos de Am\u00e9rica<\/b>?<\/h2>\n<p>Utiliza por favor la cuenta:<\/p>\n<p><strong>Bank of America,<br \/>\nChecking Account: 23472-02581<br \/>\nNelson Medina<\/strong><br \/>\n[Si deseas hacer transferencia por <strong>ZELLE<\/strong>, a este banco,<br \/>\nutiliza el correo: amigos@fraynelson.com]<\/p>\n<h2>\u00bfQuieres <b>otras opciones<\/b>?<\/h2>\n<p>Utiliza la transferencia de dinero a trav\u00e9s de <b>Western Union<\/b> o <b>Money Gram<\/b>, que tienen oficinas pr\u00e1cticamente en todo el mundo. Puedes localizar las agencias m\u00e1s cercanas aqu\u00ed: <a href=\"http:\/\/www.westernunion.com\/info\/agentInquiryIntl.asp?country=global&amp;POPUP=true&amp;PAGE_NAME=info\/selectCountry\" target=\"_blank\" rel=\"noopener\">Agencias de Western Union<\/a> \u00b7 <a href=\"http:\/\/global.moneygram.com\/Documents\/locator-map.html\" target=\"_blank\" rel=\"noopener\">Agencias de Money Gram<\/a>.<\/p>\n<p>En este caso es importante que escribas completo y exacto el nombre, sin agregar nada m\u00e1s:<\/p>\n<p><b>Nelson Alfonso Medina Ferrer<\/b><br \/>\nResidente en: <b>Bogot\u00e1, Colombia<\/b><\/p>\n<p>Es muy importante que env\u00edes informe de tu donaci\u00f3n, pues la transferencia con estas agencias NO es autom\u00e1tica. Escribe, por favor, a: amigos@fraynelson.com<\/p>\n<p align=\"center\">+<\/p>\n<p>Si\u00e9ntete libre para darle un espacio a tu generosidad!<\/p>\n<p>Tu aporte ayuda a la difusi\u00f3n de la Palabra en todo el mundo hispanohablante. De nuevo, \u00a1gracias!<\/p>\n<\/div>\n","protected":false},"excerpt":{"rendered":"<p>T\u00fa puedes ayudarnos en esta obra, en primer lugar con tu oraci\u00f3n o con transcripciones de homil\u00edas, y tambi\u00e9n con tu dinero. Cualquier cantidad es un aporte y es v\u00e1lido. Nuestros gastos no son muy grandes, pero para servir mejor necesitamos tu soporte. Ten en cuenta que las condiciones de transferencia internacional cambian mucho de &hellip; <\/p>\n<p class=\"link-more\"><a href=\"https:\/\/fraynelson.com\/blog\/apoya-esta-obra\/\" class=\"more-link\">Continuar leyendo<span class=\"screen-reader-text\"> &#8220;Apoya esta obra!&#8221;<\/span><\/a><\/p>\n","protected":false},"author":1138,"featured_media":0,"parent":0,"menu_order":0,"comment_status":"closed","ping_status":"closed","template":"","meta":{"footnotes":""},"class_list":["post-61695","page","type-page","status-publish","hentry"],"_links":{"self":[{"href":"https:\/\/fraynelson.com\/blog\/wp-json\/wp\/v2\/pages\/61695","targetHints":{"allow":["GET"]}}],"collection":[{"href":"https:\/\/fraynelson.com\/blog\/wp-json\/wp\/v2\/pages"}],"about":[{"href":"https:\/\/fraynelson.com\/blog\/wp-json\/wp\/v2\/types\/page"}],"author":[{"embeddable":true,"href":"https:\/\/fraynelson.com\/blog\/wp-json\/wp\/v2\/users\/1138"}],"replies":[{"embeddable":true,"href":"https:\/\/fraynelson.com\/blog\/wp-json\/wp\/v2\/comments?post=61695"}],"version-history":[{"count":6,"href":"https:\/\/fraynelson.com\/blog\/wp-json\/wp\/v2\/pages\/61695\/revisions"}],"predecessor-version":[{"id":93647,"href":"https:\/\/fraynelson.com\/blog\/wp-json\/wp\/v2\/pages\/61695\/revisions\/93647"}],"wp:attachment":[{"href":"https:\/\/fraynelson.com\/blog\/wp-json\/wp\/v2\/media?parent=61695"}],"curies":[{"name":"wp","href":"https:\/\/api.w.org\/{rel}","templated":true}]}}