{"id":2855,"date":"2009-01-18T06:57:56","date_gmt":"2009-01-18T12:57:56","guid":{"rendered":"http:\/\/fraynelson.com\/blog\/?page_id=2855"},"modified":"2009-01-18T10:06:41","modified_gmt":"2009-01-18T16:06:41","slug":"orar-con-el-corazon","status":"publish","type":"page","link":"https:\/\/fraynelson.com\/blog\/orar-con-el-corazon\/","title":{"rendered":"Orar con el Corazon"},"content":{"rendered":"<p>Haz click en el signo de &#8220;reproducir&#8221; (PLAY) que aparece cerca del t\u00edtulo de cada oraci\u00f3n. El sistema reproduce no s\u00f3lo la oraci\u00f3n que escojas, sino las que siguen. Si haces entonces click en la primera oraci\u00f3n puedes o\u00edrlas todas en secuencia. \ud83d\ude42<\/p>\n<p>1. <a href=\"http:\/\/fraynelson.com\/conferencias\/oracion\/oracion_de_paz_y_liberacion.mp3\">Oraci\u00f3n de paz y liberaci\u00f3n<\/a>: <b>Se trata de una oraci\u00f3n en lenguas<\/b> realizada en la Casa de los Santos Angeles, en el contexto de un seminario de conversi\u00f3n y familia.<\/p>\n<p>2. <a href=\"http:\/\/fraynelson.com\/conferencias\/oracion\/una_oracion_de_victoria_con_los_angeles.mp3\">Oraci\u00f3n de Victoria con los Santos Angeles<\/a>: <b>Aliados nuestros en la adoraci\u00f3n<\/b>, los Santos \u00c1ngeles son invitaciones vivas a servir a Dios con todo nuestro ser. Esta alabanza incluye oraci\u00f3n en lenguas, y tuvo lugar en el grupo &#8220;Jes\u00fas, mi Divino Redentor.&#8221;<\/p>\n<p>3. <a href=\"http:\/\/fraynelson.com\/conferencias\/oracion\/oracion_de_paz_y_sellamiento.mp3\">Oraci\u00f3n de Paz y Sellamiento<\/a>: <b>El sosiego de Dios<\/b>, es una especie de preludio de la armon\u00eda que s\u00f3lo \u00c9l puede crear. Esta alabanza incluye oraci\u00f3n en lenguas, y tuvo lugar en el grupo &#8220;Jes\u00fas, mi Divino Redentor.&#8221;<\/p>\n<p>4. <a href=\"http:\/\/fraynelson.com\/conferencias\/oracion\/oracion_misionera.mp3\">Oraci\u00f3n Misionera<\/a>: <b>En el contexto de una predicaci\u00f3n para la Renovaci\u00f3n Carism\u00e1tica<\/b>, el Esp\u00edritu comienza a llamar a la gente para que asuma con fuerza, con valor, con alegr\u00eda el encargo de dar a conocer a Jesucristo. Una parte de la oraci\u00f3n est\u00e1 en lenguas.<\/p>\n<p>M\u00e1s <a href=\"http:\/\/fraynelson.com\/predicacion\/labels\/oracion.html\">oraciones y ense\u00f1anzas sobre oraci\u00f3n<\/a>.<\/p>\n<p><script type=\"text\/javascript\" src=\"http:\/\/mediaplayer.yahoo.com\/js\"><\/script><\/p>\n","protected":false},"excerpt":{"rendered":"<p>Haz click en el signo de &#8220;reproducir&#8221; (PLAY) que aparece cerca del t\u00edtulo de cada oraci\u00f3n. El sistema reproduce no s\u00f3lo la oraci\u00f3n que escojas, sino las que siguen. Si haces entonces click en la primera oraci\u00f3n puedes o\u00edrlas todas en secuencia. \ud83d\ude42 1. Oraci\u00f3n de paz y liberaci\u00f3n: Se trata de una oraci\u00f3n en &hellip; <\/p>\n<p class=\"link-more\"><a href=\"https:\/\/fraynelson.com\/blog\/orar-con-el-corazon\/\" class=\"more-link\">Continuar leyendo<span class=\"screen-reader-text\"> &#8220;Orar con el Corazon&#8221;<\/span><\/a><\/p>\n","protected":false},"author":1138,"featured_media":0,"parent":0,"menu_order":0,"comment_status":"open","ping_status":"open","template":"","meta":{"footnotes":""},"class_list":["post-2855","page","type-page","status-publish","hentry"],"_links":{"self":[{"href":"https:\/\/fraynelson.com\/blog\/wp-json\/wp\/v2\/pages\/2855","targetHints":{"allow":["GET"]}}],"collection":[{"href":"https:\/\/fraynelson.com\/blog\/wp-json\/wp\/v2\/pages"}],"about":[{"href":"https:\/\/fraynelson.com\/blog\/wp-json\/wp\/v2\/types\/page"}],"author":[{"embeddable":true,"href":"https:\/\/fraynelson.com\/blog\/wp-json\/wp\/v2\/users\/1138"}],"replies":[{"embeddable":true,"href":"https:\/\/fraynelson.com\/blog\/wp-json\/wp\/v2\/comments?post=2855"}],"version-history":[{"count":5,"href":"https:\/\/fraynelson.com\/blog\/wp-json\/wp\/v2\/pages\/2855\/revisions"}],"predecessor-version":[{"id":2857,"href":"https:\/\/fraynelson.com\/blog\/wp-json\/wp\/v2\/pages\/2855\/revisions\/2857"}],"wp:attachment":[{"href":"https:\/\/fraynelson.com\/blog\/wp-json\/wp\/v2\/media?parent=2855"}],"curies":[{"name":"wp","href":"https:\/\/api.w.org\/{rel}","templated":true}]}}