{"id":13819,"date":"2012-02-26T01:55:57","date_gmt":"2012-02-26T06:55:57","guid":{"rendered":"http:\/\/fraynelson.com\/blog\/?page_id=13819"},"modified":"2012-03-30T10:54:42","modified_gmt":"2012-03-30T15:54:42","slug":"religion","status":"publish","type":"page","link":"https:\/\/fraynelson.com\/blog\/sabiduria\/religion\/","title":{"rendered":"Religion"},"content":{"rendered":"<p>Dios es el gran silencio del infinito. El mundo entero habla de \u00c9l y para \u00c9l. Nada de lo que se diga lo representa tan bien como su silencio y su calma eterna. \u2013 Eliphas L\u00e9vi<\/p>\n<p>Algunos de los mejores regalos de Dios son las plegarias sin respuesta. \u2013 Garth Brooks<\/p>\n<p>Dios: lo m\u00e1s evidente y lo m\u00e1s misterioso. \u2013 Herni Dominique Lacordaire<\/p>\n<p>La religi\u00f3n cristiana, que parece no tiene por objeto m\u00e1s que la felicidad de la otra vida, nos hace tambi\u00e9n dichosos en \u00e9sta. \u2013 Montesquieu<\/p>\n<p>Dios es tal, que todo lo que el hizo, comparado con \u00e9l, es como si no existiese. \u2013 Mariano Aguil\u00f3<\/p>\n<p>Temo a Dios, y despu\u00e9s de Dios temo principalmente al que no le teme. \u2013 Muslih-Ud-Din Saadi<\/p>\n<p>Dios es sofisticado, pero no mal\u00e9volo. \u2013 Albert Einstein<\/p>\n<p>Cuando el hombre se aparta de Dios, no es Dios quien le persigue, sino los \u00eddolos. \u2013 Benedicto XVI<\/p>\n<p>El desconocimiento propio genera soberbia; pero el desconocimiento de Dios genera desesperaci\u00f3n. \u2013 San Bernardo de Claraval<\/p>\n<p>El hombre que comprendiese a Dios ser\u00eda otro Dios. \u2013 Ren\u00e9 de Chateaubriand<\/p>\n<p>El hombre no reza para dar a Dios una orientaci\u00f3n, sino para orientarse debidamente a s\u00ed mismo. \u2013 San Agust\u00edn<\/p>\n<p>Cuando Dios cre\u00f3 el Mundo vio que era bueno. \u00bfQu\u00e9 dir\u00e1 ahora? \u2013 George Bernard Shaw<\/p>\n<p>La iglesia nos pide que al entrar en ella nos quitemos el sombrero, no la cabeza. \u2013 Gilbert Keith Chesterton<\/p>\n<p>Si nos alejamos de Dios, \u00bfqui\u00e9n nos garantiza que un d\u00eda un poder humano no reivindique de nuevo el derecho a decidir qu\u00e9 vida humana vale y cu\u00e1l no vale? \u2013 Juan Pablo II<\/p>\n<p>Dios existe; pero no tiene ninguna prisa en hacerlo saber. \u2013 Leon Tolstoi<\/p>\n<p>Quien no ha tenido tribulaciones que soportar, es que no ha comenzado a ser cristiano de verdad. \u2013 San Agust\u00edn<\/p>\n<p>Quien a Dios tiene, nada le falta. S\u00f3lo Dios basta. \u2013 Santa Teresa de Jes\u00fas<\/p>\n<p>La oraci\u00f3n deber\u00eda ser la llave del d\u00eda y el cerrojo de la noche. \u2013 Thomas Fuller<\/p>\n<p>Dios mira las manos limpias, no las llenas. \u2013 Publio Siro<\/p>\n<p>Dios prefiere a la gente corriente, por eso ha hecho tanta. \u2013 Abraham Lincoln<\/p>\n<p>No eres m\u00e1s porque te alaben, ni menos porque te critiquen; lo que eres delante de Dios, eso eres y nada m\u00e1s. \u2013 Thomas De Kempis<\/p>\n<p>Cada obra de amor, llevada a cabo con todo el coraz\u00f3n, siempre lograr\u00e1 acercar a la gente a Dios. \u2013 Madre Teresa de Calcuta<\/p>\n<p>En realidad, todas las cosas, todos los acontecimientos, para quien sabe leerlos con profundidad, encierran un mensaje que, en definitiva, remite a Dios. \u2013 Juan Pablo II<\/p>\n<p>Cuando un pueblo trabaja Dios lo respeta. Pero cuando un pueblo canta, Dios lo ama. \u2013 Facundo Cabral<\/p>\n<p>Los ojos no pueden ver bien a Dios, sino a trav\u00e9s de l\u00e1grimas. \u2013 Victor Hugo<\/p>\n<p>Encomi\u00e9ndate a Dios de todo coraz\u00f3n, que muchas veces suele llover sus misericordias en el tiempo que est\u00e1n m\u00e1s secas las esperanzas. \u2013 Miguel de Cervantes Saavedra<\/p>\n<p>La voz interior me dice que siga combatiendo contra el mundo entero, aunque me encuentre solo. Me dice que no tema a este mundo sino que avance llevando en m\u00ed nada m\u00e1s que el temor a Dios. \u2013 Mahatma Gandhi<\/p>\n<p>No pid\u00e1is a Dios que os de una carga apta para vuestros hombros; pedidle unos hombros aptos para soportar vuestras cargas. \u2013 Phillips Brooks<\/p>\n<p>S\u00f3lo conozco dos tipos de personas razonables: las que aman a Dios de todo coraz\u00f3n porque le conocen, y las que le buscan de todo coraz\u00f3n porque no le conocen. \u2013 Blaise Pascal<\/p>\n<p>Cuando Dios borra, es que va a escribir algo. \u2013 Jacques Benigne Bossuet<\/p>\n","protected":false},"excerpt":{"rendered":"<p>Dios es el gran silencio del infinito. El mundo entero habla de \u00c9l y para \u00c9l. Nada de lo que se diga lo representa tan bien como su silencio y su calma eterna. \u2013 Eliphas L\u00e9vi Algunos de los mejores regalos de Dios son las plegarias sin respuesta. \u2013 Garth Brooks Dios: lo m\u00e1s evidente &hellip; <\/p>\n<p class=\"link-more\"><a href=\"https:\/\/fraynelson.com\/blog\/sabiduria\/religion\/\" class=\"more-link\">Continuar leyendo<span class=\"screen-reader-text\"> &#8220;Religion&#8221;<\/span><\/a><\/p>\n","protected":false},"author":1138,"featured_media":0,"parent":12257,"menu_order":0,"comment_status":"closed","ping_status":"closed","template":"","meta":{"footnotes":""},"class_list":["post-13819","page","type-page","status-publish","hentry"],"_links":{"self":[{"href":"https:\/\/fraynelson.com\/blog\/wp-json\/wp\/v2\/pages\/13819","targetHints":{"allow":["GET"]}}],"collection":[{"href":"https:\/\/fraynelson.com\/blog\/wp-json\/wp\/v2\/pages"}],"about":[{"href":"https:\/\/fraynelson.com\/blog\/wp-json\/wp\/v2\/types\/page"}],"author":[{"embeddable":true,"href":"https:\/\/fraynelson.com\/blog\/wp-json\/wp\/v2\/users\/1138"}],"replies":[{"embeddable":true,"href":"https:\/\/fraynelson.com\/blog\/wp-json\/wp\/v2\/comments?post=13819"}],"version-history":[{"count":7,"href":"https:\/\/fraynelson.com\/blog\/wp-json\/wp\/v2\/pages\/13819\/revisions"}],"predecessor-version":[{"id":14242,"href":"https:\/\/fraynelson.com\/blog\/wp-json\/wp\/v2\/pages\/13819\/revisions\/14242"}],"up":[{"embeddable":true,"href":"https:\/\/fraynelson.com\/blog\/wp-json\/wp\/v2\/pages\/12257"}],"wp:attachment":[{"href":"https:\/\/fraynelson.com\/blog\/wp-json\/wp\/v2\/media?parent=13819"}],"curies":[{"name":"wp","href":"https:\/\/api.w.org\/{rel}","templated":true}]}}