{"id":13150,"date":"2012-01-04T20:27:55","date_gmt":"2012-01-05T01:27:55","guid":{"rendered":"http:\/\/fraynelson.com\/blog\/?page_id=13150"},"modified":"2012-01-13T18:08:47","modified_gmt":"2012-01-13T23:08:47","slug":"destino","status":"publish","type":"page","link":"https:\/\/fraynelson.com\/blog\/sabiduria\/destino\/","title":{"rendered":"Destino"},"content":{"rendered":"<p>Siempre se ha cre\u00eddo que existe algo que se llama destino, pero siempre se ha cre\u00eddo tambi\u00e9n que hay otra cosa que se llama albedr\u00edo. Lo que califica al hombre es el equilibrio de esa contradicci\u00f3n. &#8211; Gilbert Keith Chesterton<\/p>\n<p>Llamamos destino a todo cuanto limita nuestro poder. &#8211; Ralph Waldo Emerson <\/p>\n<p>La manera en que una persona toma las riendas de su destino es m\u00e1s determinante que el mismo destino. &#8211; Karl Wilhelm Von Humboldt <\/p>\n<p>Debemos obrar, no para ir contra el destino, sino para ir delante de \u00e9l. &#8211; Friedrich Hebbel<\/p>\n<p>Hasta en la muerte de un pajarillo interviene una providencia irresistible. &#8211; William Shakespeare<\/p>\n<p>Siembra un acto y cosechar\u00e1s un h\u00e1bito. Siembra un h\u00e1bito y cosechar\u00e1s un car\u00e1cter. Siembra un car\u00e1cter y cosechar\u00e1s un destino. &#8211; Charles Reade<\/p>\n<p>El destino es el que baraja las cartas, pero nosotros somos los que jugamos. &#8211; William Shakespeare<\/p>\n<p>\u00a1Act\u00faa en vez de suplicar. Sacrif\u00edcate sin esperanza de gloria ni recompensa! Si quieres conocer los milagros, hazlos t\u00fa antes. S\u00f3lo as\u00ed podr\u00e1 cumplirse tu peculiar destino. &#8211; Ludwig van Beethoven<\/p>\n<p>Due\u00f1os de sus destinos son los hombres. La culpa, querido Bruto, no est\u00e1 en las estrellas, sino en nuestros vicios. &#8211; William Shakespeare<\/p>\n<p>A menudo encontramos nuestro destino por los caminos que tomamos para evitarlo. &#8211; Jean de la Fontaine<\/p>\n","protected":false},"excerpt":{"rendered":"<p>Siempre se ha cre\u00eddo que existe algo que se llama destino, pero siempre se ha cre\u00eddo tambi\u00e9n que hay otra cosa que se llama albedr\u00edo. Lo que califica al hombre es el equilibrio de esa contradicci\u00f3n. &#8211; Gilbert Keith Chesterton Llamamos destino a todo cuanto limita nuestro poder. &#8211; Ralph Waldo Emerson La manera en &hellip; <\/p>\n<p class=\"link-more\"><a href=\"https:\/\/fraynelson.com\/blog\/sabiduria\/destino\/\" class=\"more-link\">Continuar leyendo<span class=\"screen-reader-text\"> &#8220;Destino&#8221;<\/span><\/a><\/p>\n","protected":false},"author":1138,"featured_media":0,"parent":12257,"menu_order":0,"comment_status":"closed","ping_status":"closed","template":"","meta":{"footnotes":""},"class_list":["post-13150","page","type-page","status-publish","hentry"],"_links":{"self":[{"href":"https:\/\/fraynelson.com\/blog\/wp-json\/wp\/v2\/pages\/13150","targetHints":{"allow":["GET"]}}],"collection":[{"href":"https:\/\/fraynelson.com\/blog\/wp-json\/wp\/v2\/pages"}],"about":[{"href":"https:\/\/fraynelson.com\/blog\/wp-json\/wp\/v2\/types\/page"}],"author":[{"embeddable":true,"href":"https:\/\/fraynelson.com\/blog\/wp-json\/wp\/v2\/users\/1138"}],"replies":[{"embeddable":true,"href":"https:\/\/fraynelson.com\/blog\/wp-json\/wp\/v2\/comments?post=13150"}],"version-history":[{"count":3,"href":"https:\/\/fraynelson.com\/blog\/wp-json\/wp\/v2\/pages\/13150\/revisions"}],"predecessor-version":[{"id":13156,"href":"https:\/\/fraynelson.com\/blog\/wp-json\/wp\/v2\/pages\/13150\/revisions\/13156"}],"up":[{"embeddable":true,"href":"https:\/\/fraynelson.com\/blog\/wp-json\/wp\/v2\/pages\/12257"}],"wp:attachment":[{"href":"https:\/\/fraynelson.com\/blog\/wp-json\/wp\/v2\/media?parent=13150"}],"curies":[{"name":"wp","href":"https:\/\/api.w.org\/{rel}","templated":true}]}}