{"id":12353,"date":"2011-10-31T11:26:16","date_gmt":"2011-10-31T16:26:16","guid":{"rendered":"http:\/\/fraynelson.com\/blog\/?page_id=12353"},"modified":"2011-10-31T20:03:07","modified_gmt":"2011-11-01T01:03:07","slug":"bondad","status":"publish","type":"page","link":"https:\/\/fraynelson.com\/blog\/sabiduria\/bondad\/","title":{"rendered":"Bondad"},"content":{"rendered":"<p>Buscando el bien de nuestros semejantes, encontramos el nuestro. \u2013 Plat\u00f3n<\/p>\n<p>Si hacemos el bien por inter\u00e9s, seremos astutos, pero nunca buenos. \u2013 Marco Tulio Cicer\u00f3n<\/p>\n<p>El \u00fanico s\u00edmbolo de superioridad que conozco es la bondad. \u2013 Ludwig van Beethoven<\/p>\n<p>La gente buena, si se piensa un poco en ello, ha sido siempre gente alegre. \u2013 Ernest Hemingway<\/p>\n<p>Todo acto de bondad es una demostraci\u00f3n de poder\u00edo. \u2013 Miguel de Unamuno<\/p>\n<p><i>Deseas m\u00e1s <a href=\"https:\/\/fraynelson.com\/blog\/sabiduria\/\" title=\"Un Sorbo de Sabiduria\">sorbos de sabidur\u00eda<\/a>?<\/i><\/p>\n","protected":false},"excerpt":{"rendered":"<p>Buscando el bien de nuestros semejantes, encontramos el nuestro. \u2013 Plat\u00f3n Si hacemos el bien por inter\u00e9s, seremos astutos, pero nunca buenos. \u2013 Marco Tulio Cicer\u00f3n El \u00fanico s\u00edmbolo de superioridad que conozco es la bondad. \u2013 Ludwig van Beethoven La gente buena, si se piensa un poco en ello, ha sido siempre gente alegre. &hellip; <\/p>\n<p class=\"link-more\"><a href=\"https:\/\/fraynelson.com\/blog\/sabiduria\/bondad\/\" class=\"more-link\">Continuar leyendo<span class=\"screen-reader-text\"> &#8220;Bondad&#8221;<\/span><\/a><\/p>\n","protected":false},"author":1138,"featured_media":0,"parent":12257,"menu_order":0,"comment_status":"closed","ping_status":"closed","template":"","meta":{"footnotes":""},"class_list":["post-12353","page","type-page","status-publish","hentry"],"_links":{"self":[{"href":"https:\/\/fraynelson.com\/blog\/wp-json\/wp\/v2\/pages\/12353","targetHints":{"allow":["GET"]}}],"collection":[{"href":"https:\/\/fraynelson.com\/blog\/wp-json\/wp\/v2\/pages"}],"about":[{"href":"https:\/\/fraynelson.com\/blog\/wp-json\/wp\/v2\/types\/page"}],"author":[{"embeddable":true,"href":"https:\/\/fraynelson.com\/blog\/wp-json\/wp\/v2\/users\/1138"}],"replies":[{"embeddable":true,"href":"https:\/\/fraynelson.com\/blog\/wp-json\/wp\/v2\/comments?post=12353"}],"version-history":[{"count":2,"href":"https:\/\/fraynelson.com\/blog\/wp-json\/wp\/v2\/pages\/12353\/revisions"}],"predecessor-version":[{"id":12380,"href":"https:\/\/fraynelson.com\/blog\/wp-json\/wp\/v2\/pages\/12353\/revisions\/12380"}],"up":[{"embeddable":true,"href":"https:\/\/fraynelson.com\/blog\/wp-json\/wp\/v2\/pages\/12257"}],"wp:attachment":[{"href":"https:\/\/fraynelson.com\/blog\/wp-json\/wp\/v2\/media?parent=12353"}],"curies":[{"name":"wp","href":"https:\/\/api.w.org\/{rel}","templated":true}]}}