{"id":12350,"date":"2011-10-31T11:24:14","date_gmt":"2011-10-31T16:24:14","guid":{"rendered":"http:\/\/fraynelson.com\/blog\/?page_id=12350"},"modified":"2011-11-12T10:47:44","modified_gmt":"2011-11-12T15:47:44","slug":"matematicas","status":"publish","type":"page","link":"https:\/\/fraynelson.com\/blog\/sabiduria\/matematicas\/","title":{"rendered":"Matematicas"},"content":{"rendered":"<p>Las proposiciones matem\u00e1ticas, en cuanto tienen que ver con la realidad, no son ciertas; y en cuanto que son ciertas, no tienen nada que ver con la realidad.<\/p>\n<p>La estad\u00edstica es una ciencia que demuestra que si mi vecino tiene dos coches y yo ninguno, los dos tenemos uno.<\/p>\n<p>Las matem\u00e1ticas poseen cierta belleza suprema. Una belleza fr\u00eda y austera, como la de una escultura.<\/p>\n<p>Las matem\u00e1ticas son una gimnasia del esp\u00edritu y una preparaci\u00f3n para la filosof\u00eda.<\/p>\n<p>La ciencia se compone de errores, que a su vez, son los pasos hacia la verdad. \u2013 Julio Verne<\/p>\n<p>Las cifras no mienten, pero los mentirosos tambi\u00e9n usan cifras. \u2013 An\u00f3nimo<\/p>\n<p>Las matem\u00e1ticas son el alfabeto con el cual Dios ha escrito el Universo. \u2013 Galileo Galilei<\/p>\n<p>Las matem\u00e1ticas son una gimnasia del esp\u00edritu y una preparaci\u00f3n para la fil\u00f3sofia. \u2013 Is\u00f3crates<\/p>\n<p>La estad\u00edstica es una ciencia que demuestra que si mi vecino tiene dos coches y yo ninguno, los dos tenemos uno. \u2013 George Bernard Shaw<\/p>\n<p>La estad\u00edstica es la primera de las ciencias inexactas. \u2013 Edmond Gouncourt<\/p>\n<p><i>Deseas m\u00e1s <a href=\"https:\/\/fraynelson.com\/blog\/sabiduria\/\" title=\"Un Sorbo de Sabiduria\">sorbos de sabidur\u00eda<\/a>?<\/i><\/p>\n","protected":false},"excerpt":{"rendered":"<p>Las proposiciones matem\u00e1ticas, en cuanto tienen que ver con la realidad, no son ciertas; y en cuanto que son ciertas, no tienen nada que ver con la realidad. La estad\u00edstica es una ciencia que demuestra que si mi vecino tiene dos coches y yo ninguno, los dos tenemos uno. Las matem\u00e1ticas poseen cierta belleza suprema. &hellip; <\/p>\n<p class=\"link-more\"><a href=\"https:\/\/fraynelson.com\/blog\/sabiduria\/matematicas\/\" class=\"more-link\">Continuar leyendo<span class=\"screen-reader-text\"> &#8220;Matematicas&#8221;<\/span><\/a><\/p>\n","protected":false},"author":1138,"featured_media":0,"parent":12257,"menu_order":0,"comment_status":"closed","ping_status":"closed","template":"","meta":{"footnotes":""},"class_list":["post-12350","page","type-page","status-publish","hentry"],"_links":{"self":[{"href":"https:\/\/fraynelson.com\/blog\/wp-json\/wp\/v2\/pages\/12350","targetHints":{"allow":["GET"]}}],"collection":[{"href":"https:\/\/fraynelson.com\/blog\/wp-json\/wp\/v2\/pages"}],"about":[{"href":"https:\/\/fraynelson.com\/blog\/wp-json\/wp\/v2\/types\/page"}],"author":[{"embeddable":true,"href":"https:\/\/fraynelson.com\/blog\/wp-json\/wp\/v2\/users\/1138"}],"replies":[{"embeddable":true,"href":"https:\/\/fraynelson.com\/blog\/wp-json\/wp\/v2\/comments?post=12350"}],"version-history":[{"count":3,"href":"https:\/\/fraynelson.com\/blog\/wp-json\/wp\/v2\/pages\/12350\/revisions"}],"predecessor-version":[{"id":12571,"href":"https:\/\/fraynelson.com\/blog\/wp-json\/wp\/v2\/pages\/12350\/revisions\/12571"}],"up":[{"embeddable":true,"href":"https:\/\/fraynelson.com\/blog\/wp-json\/wp\/v2\/pages\/12257"}],"wp:attachment":[{"href":"https:\/\/fraynelson.com\/blog\/wp-json\/wp\/v2\/media?parent=12350"}],"curies":[{"name":"wp","href":"https:\/\/api.w.org\/{rel}","templated":true}]}}