{"id":12344,"date":"2011-10-31T11:28:51","date_gmt":"2011-10-31T16:28:51","guid":{"rendered":"http:\/\/fraynelson.com\/blog\/?page_id=12344"},"modified":"2011-10-31T20:02:56","modified_gmt":"2011-11-01T01:02:56","slug":"belleza","status":"publish","type":"page","link":"https:\/\/fraynelson.com\/blog\/sabiduria\/belleza\/","title":{"rendered":"Belleza"},"content":{"rendered":"<p>El encanto de la belleza estriba en su misterio; si deshacemos la trama sutil que enlaza sus elementos, se evapora toda la esencia. \u2013 Johann Christoph Friedrich von Schiller<\/p>\n<p>Quitad de los corazones el amor por lo bello, y habr\u00e9is quitado todo el encanto a la vida. \u2013 Jean Jacques Rousseau<\/p>\n<p>No est\u00e1 mal ser bella; lo que est\u00e1 mal es la obligaci\u00f3n de serlo. \u2013 Susan Sontag<\/p>\n<p>Siempre he cre\u00eddo que lo bueno no era sino lo bello puesto en acci\u00f3n. \u2013 Jean Jacques Rousseau<\/p>\n<p>Es terriblemente triste eso de que el talento dure m\u00e1s que la belleza. \u2013 Oscar Wilde<\/p>\n<p>La belleza exterior no es m\u00e1s que el encanto de un instante. La apariencia del cuerpo no siempre es el reflejo del alma. \u2013 George Sand<\/p>\n<p>Mira dos veces para ver lo justo. No mires m\u00e1s que una vez para ver lo bello. \u2013 Henry F. Amiel<\/p>\n<p>La belleza que atrae rara vez coincide con la belleza que enamora. \u2013 Jos\u00e9 Ortega y Gasset<\/p>\n<p>Aunque viajemos por todo el mundo para encontrar la belleza, debemos llevarla con nosotros para poder encontrarla. \u2013 Ralph Waldo Emerson<\/p>\n<p>Por muy poderosa que se vea el arma de la belleza, desgraciada la mujer que s\u00f3lo a este recurso debe el triunfo alcanzado sobre un hombre. \u2013 Severo Catalina<\/p>\n<p><i>Deseas m\u00e1s <a href=\"https:\/\/fraynelson.com\/blog\/sabiduria\/\" title=\"Un Sorbo de Sabiduria\">sorbos de sabidur\u00eda<\/a>?<\/i><\/p>\n","protected":false},"excerpt":{"rendered":"<p>El encanto de la belleza estriba en su misterio; si deshacemos la trama sutil que enlaza sus elementos, se evapora toda la esencia. \u2013 Johann Christoph Friedrich von Schiller Quitad de los corazones el amor por lo bello, y habr\u00e9is quitado todo el encanto a la vida. \u2013 Jean Jacques Rousseau No est\u00e1 mal ser &hellip; <\/p>\n<p class=\"link-more\"><a href=\"https:\/\/fraynelson.com\/blog\/sabiduria\/belleza\/\" class=\"more-link\">Continuar leyendo<span class=\"screen-reader-text\"> &#8220;Belleza&#8221;<\/span><\/a><\/p>\n","protected":false},"author":1138,"featured_media":0,"parent":12257,"menu_order":0,"comment_status":"closed","ping_status":"closed","template":"","meta":{"footnotes":""},"class_list":["post-12344","page","type-page","status-publish","hentry"],"_links":{"self":[{"href":"https:\/\/fraynelson.com\/blog\/wp-json\/wp\/v2\/pages\/12344","targetHints":{"allow":["GET"]}}],"collection":[{"href":"https:\/\/fraynelson.com\/blog\/wp-json\/wp\/v2\/pages"}],"about":[{"href":"https:\/\/fraynelson.com\/blog\/wp-json\/wp\/v2\/types\/page"}],"author":[{"embeddable":true,"href":"https:\/\/fraynelson.com\/blog\/wp-json\/wp\/v2\/users\/1138"}],"replies":[{"embeddable":true,"href":"https:\/\/fraynelson.com\/blog\/wp-json\/wp\/v2\/comments?post=12344"}],"version-history":[{"count":4,"href":"https:\/\/fraynelson.com\/blog\/wp-json\/wp\/v2\/pages\/12344\/revisions"}],"predecessor-version":[{"id":12360,"href":"https:\/\/fraynelson.com\/blog\/wp-json\/wp\/v2\/pages\/12344\/revisions\/12360"}],"up":[{"embeddable":true,"href":"https:\/\/fraynelson.com\/blog\/wp-json\/wp\/v2\/pages\/12257"}],"wp:attachment":[{"href":"https:\/\/fraynelson.com\/blog\/wp-json\/wp\/v2\/media?parent=12344"}],"curies":[{"name":"wp","href":"https:\/\/api.w.org\/{rel}","templated":true}]}}