{"id":12320,"date":"2011-10-31T11:26:47","date_gmt":"2011-10-31T16:26:47","guid":{"rendered":"http:\/\/fraynelson.com\/blog\/?page_id=12320"},"modified":"2011-10-31T20:08:08","modified_gmt":"2011-11-01T01:08:08","slug":"esperanza","status":"publish","type":"page","link":"https:\/\/fraynelson.com\/blog\/sabiduria\/esperanza\/","title":{"rendered":"Esperanza"},"content":{"rendered":"<p>Sobre la Tierra no hab\u00eda caminos; han sido hechos por el gran n\u00famero de transe\u00fantes. \u2013 Lu Xun<\/p>\n<p>Nunca se da tanto como cuando se dan esperanzas. \u2013 Anatole France<\/p>\n<p>El infierno es esperar sin esperanza. \u2013 Andr\u00e9 Giroux<\/p>\n<p>La esperanza vieja es la m\u00e1s dura de perder. \u2013 Elizabeth Barrett Browing<\/p>\n<p>La esperanza es un buen desayuno pero una mala cena. \u2013 Sir Francis Bacon<\/p>\n<p>Si supiera que el mundo se acaba ma\u00f1ana, yo, hoy todav\u00eda, plantar\u00eda un \u00e1rbol. \u2013 Martin Luther King<\/p>\n<p>Si ayudo a una sola persona a tener esperanza, no habr\u00e9 vivido en vano. \u2013 Martin Luther King<\/p>\n<p>La desesperanza est\u00e1 fundada en lo que sabemos, que es nada, y la esperanza sobre lo que ignoramos, que es todo. \u2013 Maurice Maeterlinck<\/p>\n<p>Cada criatura, al nacer, nos trae el mensaje de que Dios todav\u00eda no pierde la esperanza en los hombres. \u2013 Rabindranath Tagore<\/p>\n<p>La misma esperanza deja de ser felicidad cuando va acompa\u00f1ada de la impaciencia. \u2013 John Ruskin<\/p>\n<p><i>Deseas m\u00e1s <a href=\"https:\/\/fraynelson.com\/blog\/sabiduria\/\" title=\"Un Sorbo de Sabiduria\">sorbos de sabidur\u00eda<\/a>?<\/i><\/p>\n","protected":false},"excerpt":{"rendered":"<p>Sobre la Tierra no hab\u00eda caminos; han sido hechos por el gran n\u00famero de transe\u00fantes. \u2013 Lu Xun Nunca se da tanto como cuando se dan esperanzas. \u2013 Anatole France El infierno es esperar sin esperanza. \u2013 Andr\u00e9 Giroux La esperanza vieja es la m\u00e1s dura de perder. \u2013 Elizabeth Barrett Browing La esperanza es &hellip; <\/p>\n<p class=\"link-more\"><a href=\"https:\/\/fraynelson.com\/blog\/sabiduria\/esperanza\/\" class=\"more-link\">Continuar leyendo<span class=\"screen-reader-text\"> &#8220;Esperanza&#8221;<\/span><\/a><\/p>\n","protected":false},"author":1138,"featured_media":0,"parent":12257,"menu_order":0,"comment_status":"closed","ping_status":"closed","template":"","meta":{"footnotes":""},"class_list":["post-12320","page","type-page","status-publish","hentry"],"_links":{"self":[{"href":"https:\/\/fraynelson.com\/blog\/wp-json\/wp\/v2\/pages\/12320","targetHints":{"allow":["GET"]}}],"collection":[{"href":"https:\/\/fraynelson.com\/blog\/wp-json\/wp\/v2\/pages"}],"about":[{"href":"https:\/\/fraynelson.com\/blog\/wp-json\/wp\/v2\/types\/page"}],"author":[{"embeddable":true,"href":"https:\/\/fraynelson.com\/blog\/wp-json\/wp\/v2\/users\/1138"}],"replies":[{"embeddable":true,"href":"https:\/\/fraynelson.com\/blog\/wp-json\/wp\/v2\/comments?post=12320"}],"version-history":[{"count":3,"href":"https:\/\/fraynelson.com\/blog\/wp-json\/wp\/v2\/pages\/12320\/revisions"}],"predecessor-version":[{"id":12389,"href":"https:\/\/fraynelson.com\/blog\/wp-json\/wp\/v2\/pages\/12320\/revisions\/12389"}],"up":[{"embeddable":true,"href":"https:\/\/fraynelson.com\/blog\/wp-json\/wp\/v2\/pages\/12257"}],"wp:attachment":[{"href":"https:\/\/fraynelson.com\/blog\/wp-json\/wp\/v2\/media?parent=12320"}],"curies":[{"name":"wp","href":"https:\/\/api.w.org\/{rel}","templated":true}]}}