{"id":12313,"date":"2011-10-31T10:47:53","date_gmt":"2011-10-31T15:47:53","guid":{"rendered":"http:\/\/fraynelson.com\/blog\/?page_id=12313"},"modified":"2011-10-31T20:04:09","modified_gmt":"2011-11-01T01:04:09","slug":"ciencia","status":"publish","type":"page","link":"https:\/\/fraynelson.com\/blog\/sabiduria\/ciencia\/","title":{"rendered":"Ciencia"},"content":{"rendered":"<p>La ciencia que se aparte de la justicia m\u00e1s que ciencia debe llamarse astucia. \u2013 Marco Tulio Cicer\u00f3n<\/p>\n<p>La ciencia humana consiste m\u00e1s en destruir errores que en descubrir verdades. \u2013 S\u00f3crates<\/p>\n<p>La ciencia no me interesa. Ignora el sue\u00f1o, el azar, la risa, el sentimiento y la contradicci\u00f3n, cosas que me son preciosas. \u2013 Luis Bu\u00f1uel<\/p>\n<p>La ciencia no sirve sino para darnos una idea de cuan vasta es nuestra ignorancia. \u2013 F\u00e9lecit\u00e9 de Lamennais<\/p>\n<p>La ciencia, a pesar de sus progresos incre\u00edbles, no puede ni podr\u00e1 nunca explicarlo todo. Cada vez ganar\u00e1 nuevas zonas a lo que hoy parece inexplicable. Pero las rayas fronterizas del saber, por muy lejos que se eleven, tendr\u00e1n siempre delante un infinito mundo de misterio. \u2013 Gregorio Mara\u00f1\u00f3n<\/p>\n<p>En el punto donde se detiene la ciencia, empieza la imaginaci\u00f3n. \u2013 Jules de Gaultier<\/p>\n<p>Cualquier tecnolog\u00eda suficientemente avanzada es indistinguible de la magia. \u2013 Arthur C. Clarke<\/p>\n<p>Un poco de ciencia aleja de Dios, pero mucha ciencia devuelve a \u00c9l. \u2013 Louis Pasteur<\/p>\n<p>Investigaci\u00f3n es lo que hago cuando no s\u00e9 lo que estoy haciendo. \u2013 Wernher von Braun<\/p>\n<p>Lo dif\u00edcil se aprende enseguida y lo hermoso nos cuesta la vida. \u2013 Bertolt Brecht<\/p>\n<p><i>Deseas m\u00e1s <a href=\"https:\/\/fraynelson.com\/blog\/sabiduria\/\" title=\"Un Sorbo de Sabiduria\">sorbos de sabidur\u00eda<\/a>?<\/i><\/p>\n","protected":false},"excerpt":{"rendered":"<p>La ciencia que se aparte de la justicia m\u00e1s que ciencia debe llamarse astucia. \u2013 Marco Tulio Cicer\u00f3n La ciencia humana consiste m\u00e1s en destruir errores que en descubrir verdades. \u2013 S\u00f3crates La ciencia no me interesa. Ignora el sue\u00f1o, el azar, la risa, el sentimiento y la contradicci\u00f3n, cosas que me son preciosas. \u2013 &hellip; <\/p>\n<p class=\"link-more\"><a href=\"https:\/\/fraynelson.com\/blog\/sabiduria\/ciencia\/\" class=\"more-link\">Continuar leyendo<span class=\"screen-reader-text\"> &#8220;Ciencia&#8221;<\/span><\/a><\/p>\n","protected":false},"author":1138,"featured_media":0,"parent":12257,"menu_order":0,"comment_status":"closed","ping_status":"closed","template":"","meta":{"footnotes":""},"class_list":["post-12313","page","type-page","status-publish","hentry"],"_links":{"self":[{"href":"https:\/\/fraynelson.com\/blog\/wp-json\/wp\/v2\/pages\/12313","targetHints":{"allow":["GET"]}}],"collection":[{"href":"https:\/\/fraynelson.com\/blog\/wp-json\/wp\/v2\/pages"}],"about":[{"href":"https:\/\/fraynelson.com\/blog\/wp-json\/wp\/v2\/types\/page"}],"author":[{"embeddable":true,"href":"https:\/\/fraynelson.com\/blog\/wp-json\/wp\/v2\/users\/1138"}],"replies":[{"embeddable":true,"href":"https:\/\/fraynelson.com\/blog\/wp-json\/wp\/v2\/comments?post=12313"}],"version-history":[{"count":3,"href":"https:\/\/fraynelson.com\/blog\/wp-json\/wp\/v2\/pages\/12313\/revisions"}],"predecessor-version":[{"id":12381,"href":"https:\/\/fraynelson.com\/blog\/wp-json\/wp\/v2\/pages\/12313\/revisions\/12381"}],"up":[{"embeddable":true,"href":"https:\/\/fraynelson.com\/blog\/wp-json\/wp\/v2\/pages\/12257"}],"wp:attachment":[{"href":"https:\/\/fraynelson.com\/blog\/wp-json\/wp\/v2\/media?parent=12313"}],"curies":[{"name":"wp","href":"https:\/\/api.w.org\/{rel}","templated":true}]}}