{"id":12309,"date":"2011-10-31T11:35:53","date_gmt":"2011-10-31T16:35:53","guid":{"rendered":"http:\/\/fraynelson.com\/blog\/?page_id=12309"},"modified":"2011-10-31T20:13:10","modified_gmt":"2011-11-01T01:13:10","slug":"vida-y-muerte","status":"publish","type":"page","link":"https:\/\/fraynelson.com\/blog\/sabiduria\/vida-y-muerte\/","title":{"rendered":"Vida y Muerte"},"content":{"rendered":"<p>La vida, en realidad, es una calle de sentido \u00fanico. \u2013 Agatha Christie<\/p>\n<p>Hay dos maneras de vivir su vida: una como si nada es un milagro, la otra es como si todo es un milagro. \u2013 Albert Einstein<\/p>\n<p>Amar, aunque se sufra, es, a la larga, la \u00fanica forma de vivir con plenitud y dignidad. \u2013 Gregorio Mara\u00f1\u00f3n<\/p>\n<p>\u00a1Ojal\u00e1 vivas todos los d\u00edas de tu vida! \u2013 Jonathan Swift<\/p>\n<p>Entre la vida y yo hay un cristal tenue. Por m\u00e1s claramente que vea y comprenda la vida, no puedo tocarla. \u2013 Fernando Pessoa<\/p>\n<p>Cuando una medicina no hace da\u00f1o deber\u00edamos alegrarnos y no exigir adem\u00e1s que sirva para algo. \u2013 Pierre Augustin de Beaumarchais<\/p>\n<p>La vida es muy peligrosa. No por las personas que hacen el mal, sino por las que se sientan a ver lo que pasa. \u2013 Albert Einstein<\/p>\n<p>A veces podemos pasarnos a\u00f1os sin vivir en absoluto, y de pronto toda nuestra vida se concentra en un solo instante. \u2013 Oscar Wilde<\/p>\n<p>La medicina es el arte de acompa\u00f1ar al sepulcro con palabras griegas. \u2013 Enrique Jardiel Poncela<\/p>\n<p>Una vez terminado el juego, el rey y el pe\u00f3n vuelven a la misma caja. \u2013 Proverbio italiano<\/p>\n<p><i>Deseas m\u00e1s <a href=\"https:\/\/fraynelson.com\/blog\/sabiduria\/\" title=\"Un Sorbo de Sabiduria\">sorbos de sabidur\u00eda<\/a>?<\/i><\/p>\n","protected":false},"excerpt":{"rendered":"<p>La vida, en realidad, es una calle de sentido \u00fanico. \u2013 Agatha Christie Hay dos maneras de vivir su vida: una como si nada es un milagro, la otra es como si todo es un milagro. \u2013 Albert Einstein Amar, aunque se sufra, es, a la larga, la \u00fanica forma de vivir con plenitud y &hellip; <\/p>\n<p class=\"link-more\"><a href=\"https:\/\/fraynelson.com\/blog\/sabiduria\/vida-y-muerte\/\" class=\"more-link\">Continuar leyendo<span class=\"screen-reader-text\"> &#8220;Vida y Muerte&#8221;<\/span><\/a><\/p>\n","protected":false},"author":1138,"featured_media":0,"parent":12257,"menu_order":0,"comment_status":"closed","ping_status":"closed","template":"","meta":{"footnotes":""},"class_list":["post-12309","page","type-page","status-publish","hentry"],"_links":{"self":[{"href":"https:\/\/fraynelson.com\/blog\/wp-json\/wp\/v2\/pages\/12309","targetHints":{"allow":["GET"]}}],"collection":[{"href":"https:\/\/fraynelson.com\/blog\/wp-json\/wp\/v2\/pages"}],"about":[{"href":"https:\/\/fraynelson.com\/blog\/wp-json\/wp\/v2\/types\/page"}],"author":[{"embeddable":true,"href":"https:\/\/fraynelson.com\/blog\/wp-json\/wp\/v2\/users\/1138"}],"replies":[{"embeddable":true,"href":"https:\/\/fraynelson.com\/blog\/wp-json\/wp\/v2\/comments?post=12309"}],"version-history":[{"count":4,"href":"https:\/\/fraynelson.com\/blog\/wp-json\/wp\/v2\/pages\/12309\/revisions"}],"predecessor-version":[{"id":12411,"href":"https:\/\/fraynelson.com\/blog\/wp-json\/wp\/v2\/pages\/12309\/revisions\/12411"}],"up":[{"embeddable":true,"href":"https:\/\/fraynelson.com\/blog\/wp-json\/wp\/v2\/pages\/12257"}],"wp:attachment":[{"href":"https:\/\/fraynelson.com\/blog\/wp-json\/wp\/v2\/media?parent=12309"}],"curies":[{"name":"wp","href":"https:\/\/api.w.org\/{rel}","templated":true}]}}