{"id":12308,"date":"2011-10-31T10:29:03","date_gmt":"2011-10-31T15:29:03","guid":{"rendered":"http:\/\/fraynelson.com\/blog\/?page_id=12308"},"modified":"2011-12-03T23:52:16","modified_gmt":"2011-12-04T04:52:16","slug":"peligro","status":"publish","type":"page","link":"https:\/\/fraynelson.com\/blog\/sabiduria\/peligro\/","title":{"rendered":"Peligro"},"content":{"rendered":"<p>No hay nada m\u00e1s peligroso que un amigo indiscreto; a veces es preferible un enemigo prudente. \u2013 Jean de la Fontaine<\/p>\n<p>No hay nada m\u00e1s peligroso que los que no tienen nada que perder. \u2013 An\u00f3nima<\/p>\n<p>No hay nada m\u00e1s peligroso que un tonto con iniciativa. \u2013 An\u00f3nima<\/p>\n<p>No hay nada m\u00e1s peligroso que querer evitar todos los peligros. \u2013 An\u00f3nima<\/p>\n<p>No hay nada m\u00e1s peligroso que pretender reemplazar la falta de tim\u00f3n con m\u00e1s fuerza en el motor. \u2013 An\u00f3nima<\/p>\n<p>Mayor es el peligro cuando mayor es el temor. \u2013 Salustio<\/p>\n<p>La conciencia del peligro es ya la mitad de la seguridad y de la salvaci\u00f3n. \u2013 Ram\u00f3n J. S\u00e9nder<\/p>\n<p>Vencer sin peligro es ganar sin gloria. \u2013 Lucio Anneo S\u00e9neca<\/p>\n<p>El mayor peligro de los gobiernos es querer gobernar demasiado. \u2013 Conde de Mirabeau<\/p>\n<p>Donde hay poca justicia es un peligro tener raz\u00f3n. \u2013 Francisco de Quevedo<\/p>\n<p><i>Deseas m\u00e1s <a href=\"https:\/\/fraynelson.com\/blog\/sabiduria\/\" title=\"Un Sorbo de Sabiduria\">sorbos de sabidur\u00eda<\/a>?<\/i><\/p>\n","protected":false},"excerpt":{"rendered":"<p>No hay nada m\u00e1s peligroso que un amigo indiscreto; a veces es preferible un enemigo prudente. \u2013 Jean de la Fontaine No hay nada m\u00e1s peligroso que los que no tienen nada que perder. \u2013 An\u00f3nima No hay nada m\u00e1s peligroso que un tonto con iniciativa. \u2013 An\u00f3nima No hay nada m\u00e1s peligroso que querer &hellip; <\/p>\n<p class=\"link-more\"><a href=\"https:\/\/fraynelson.com\/blog\/sabiduria\/peligro\/\" class=\"more-link\">Continuar leyendo<span class=\"screen-reader-text\"> &#8220;Peligro&#8221;<\/span><\/a><\/p>\n","protected":false},"author":1138,"featured_media":0,"parent":12257,"menu_order":0,"comment_status":"closed","ping_status":"closed","template":"","meta":{"footnotes":""},"class_list":["post-12308","page","type-page","status-publish","hentry"],"_links":{"self":[{"href":"https:\/\/fraynelson.com\/blog\/wp-json\/wp\/v2\/pages\/12308","targetHints":{"allow":["GET"]}}],"collection":[{"href":"https:\/\/fraynelson.com\/blog\/wp-json\/wp\/v2\/pages"}],"about":[{"href":"https:\/\/fraynelson.com\/blog\/wp-json\/wp\/v2\/types\/page"}],"author":[{"embeddable":true,"href":"https:\/\/fraynelson.com\/blog\/wp-json\/wp\/v2\/users\/1138"}],"replies":[{"embeddable":true,"href":"https:\/\/fraynelson.com\/blog\/wp-json\/wp\/v2\/comments?post=12308"}],"version-history":[{"count":4,"href":"https:\/\/fraynelson.com\/blog\/wp-json\/wp\/v2\/pages\/12308\/revisions"}],"predecessor-version":[{"id":12801,"href":"https:\/\/fraynelson.com\/blog\/wp-json\/wp\/v2\/pages\/12308\/revisions\/12801"}],"up":[{"embeddable":true,"href":"https:\/\/fraynelson.com\/blog\/wp-json\/wp\/v2\/pages\/12257"}],"wp:attachment":[{"href":"https:\/\/fraynelson.com\/blog\/wp-json\/wp\/v2\/media?parent=12308"}],"curies":[{"name":"wp","href":"https:\/\/api.w.org\/{rel}","templated":true}]}}