{"id":12306,"date":"2011-10-31T10:26:41","date_gmt":"2011-10-31T15:26:41","guid":{"rendered":"http:\/\/fraynelson.com\/blog\/?page_id=12306"},"modified":"2011-10-31T20:09:15","modified_gmt":"2011-11-01T01:09:15","slug":"guerra","status":"publish","type":"page","link":"https:\/\/fraynelson.com\/blog\/sabiduria\/guerra\/","title":{"rendered":"Guerra"},"content":{"rendered":"<p>La pr\u00f3xima guerra mundial se llevar\u00e1 a cabo con piedras. \u2013 Albert Einstein<\/p>\n<p>Cualquiera que sea el tema de la conversaci\u00f3n, un viejo soldado hablar\u00e1 siempre de guerra. \u2013 Anton Ch\u00e9jov<\/p>\n<p>Uno cree que muere por la patria y muere por los industriales. \u2013 Anatole France<\/p>\n<p>El ej\u00e9rcito no debe ser m\u00e1s que el brazo de la naci\u00f3n, nunca la cabeza. \u2013 P\u00edo Baroja<\/p>\n<p>La guerra es la salida cobarde a los problemas de la paz. \u2013 Thomas Mann<\/p>\n<p>Hay muchos imb\u00e9ciles que se creen que saben lo que es la guerra, sobretodo aquellos que no han estado en una. \u2013 Pel\u00edcula: Banderas de nuestros padres<\/p>\n<p>La primera v\u00edctima de una guerra es la verdad. \u2013 Julian Assange<\/p>\n<p>Todas las guerras son guerras entre ladrones demasiado cobardes para luchar, que inducen a los j\u00f3venes a pelear por ellos. \u2013 Emma Goldman<\/p>\n<p>Toda guerra promueve genios. \u2013 Francisco Umbral<\/p>\n<p>El valor es aguantar el miedo un minuto m\u00e1s. \u2013 George Smith Patton<\/p>\n<p><i>Deseas m\u00e1s <a href=\"https:\/\/fraynelson.com\/blog\/sabiduria\/\" title=\"Un Sorbo de Sabiduria\">sorbos de sabidur\u00eda<\/a>?<\/i><\/p>\n","protected":false},"excerpt":{"rendered":"<p>La pr\u00f3xima guerra mundial se llevar\u00e1 a cabo con piedras. \u2013 Albert Einstein Cualquiera que sea el tema de la conversaci\u00f3n, un viejo soldado hablar\u00e1 siempre de guerra. \u2013 Anton Ch\u00e9jov Uno cree que muere por la patria y muere por los industriales. \u2013 Anatole France El ej\u00e9rcito no debe ser m\u00e1s que el brazo &hellip; <\/p>\n<p class=\"link-more\"><a href=\"https:\/\/fraynelson.com\/blog\/sabiduria\/guerra\/\" class=\"more-link\">Continuar leyendo<span class=\"screen-reader-text\"> &#8220;Guerra&#8221;<\/span><\/a><\/p>\n","protected":false},"author":1138,"featured_media":0,"parent":12257,"menu_order":0,"comment_status":"closed","ping_status":"closed","template":"","meta":{"footnotes":""},"class_list":["post-12306","page","type-page","status-publish","hentry"],"_links":{"self":[{"href":"https:\/\/fraynelson.com\/blog\/wp-json\/wp\/v2\/pages\/12306","targetHints":{"allow":["GET"]}}],"collection":[{"href":"https:\/\/fraynelson.com\/blog\/wp-json\/wp\/v2\/pages"}],"about":[{"href":"https:\/\/fraynelson.com\/blog\/wp-json\/wp\/v2\/types\/page"}],"author":[{"embeddable":true,"href":"https:\/\/fraynelson.com\/blog\/wp-json\/wp\/v2\/users\/1138"}],"replies":[{"embeddable":true,"href":"https:\/\/fraynelson.com\/blog\/wp-json\/wp\/v2\/comments?post=12306"}],"version-history":[{"count":3,"href":"https:\/\/fraynelson.com\/blog\/wp-json\/wp\/v2\/pages\/12306\/revisions"}],"predecessor-version":[{"id":12393,"href":"https:\/\/fraynelson.com\/blog\/wp-json\/wp\/v2\/pages\/12306\/revisions\/12393"}],"up":[{"embeddable":true,"href":"https:\/\/fraynelson.com\/blog\/wp-json\/wp\/v2\/pages\/12257"}],"wp:attachment":[{"href":"https:\/\/fraynelson.com\/blog\/wp-json\/wp\/v2\/media?parent=12306"}],"curies":[{"name":"wp","href":"https:\/\/api.w.org\/{rel}","templated":true}]}}