{"id":12302,"date":"2011-10-31T10:55:12","date_gmt":"2011-10-31T15:55:12","guid":{"rendered":"http:\/\/fraynelson.com\/blog\/?page_id=12302"},"modified":"2011-10-31T20:11:33","modified_gmt":"2011-11-01T01:11:33","slug":"politica","status":"publish","type":"page","link":"https:\/\/fraynelson.com\/blog\/sabiduria\/politica\/","title":{"rendered":"Politica"},"content":{"rendered":"<p>La pol\u00edtica es el arte de obtener el dinero de los ricos y el voto de los pobres con el pretexto de proteger a los unos de los otros. \u2013 An\u00f3nimo<\/p>\n<p>La pol\u00edtica es demasiado a menudo el arte de traicionar los intereses reales y leg\u00edtimos, y de crear otros imaginarios e injustos. \u2013 Arturo Graf<\/p>\n<p>Nadie puede sospechar cu\u00e1ntas idioteces pol\u00edticas se han evitado gracias a la falta de dinero. \u2013 Charles-Maurice Talleyrand P\u00e9rigord<\/p>\n<p>En pol\u00edtica s\u00f3lo triunfa quien pone la vela donde sopla el aire; jam\u00e1s quien pretende que sople el aire donde pone la vela. \u2013 Antonio Machado<\/p>\n<p>El mayor castigo para quienes no se interesan por la pol\u00edtica es que ser\u00e1n gobernados por personas que s\u00ed se interesan. \u2013 Arnold J. Toynbee<\/p>\n<p>El pol\u00edtico se convierte en estadista cuando comienza a pensar en las pr\u00f3ximas generaciones y no en las pr\u00f3ximas elecciones. \u2013 Winston Churchill<\/p>\n<p>Cuanto m\u00e1s siniestros son los deseos de un pol\u00edtico, m\u00e1s pomposo, en general, se vuelve su lenguaje. \u2013 Aldous Huxley<\/p>\n<p>La pol\u00edtica es un acto de equilibrio entre la gente que quiere entrar y aquellos que no quieren salir. \u2013 Jacques Benigne Bossuet<\/p>\n<p>Para los que no tenemos creencias, la democracia es nuestra religi\u00f3n. \u2013 Paul Auster<\/p>\n<p>Cuando cre\u00edamos que ten\u00edamos todas las respuestas, de pronto, cambiaron todas las preguntas. \u2013 Mario Benedetti<\/p>\n<p><i>Deseas m\u00e1s <a href=\"https:\/\/fraynelson.com\/blog\/sabiduria\/\" title=\"Un Sorbo de Sabiduria\">sorbos de sabidur\u00eda<\/a>?<\/i><\/p>\n","protected":false},"excerpt":{"rendered":"<p>La pol\u00edtica es el arte de obtener el dinero de los ricos y el voto de los pobres con el pretexto de proteger a los unos de los otros. \u2013 An\u00f3nimo La pol\u00edtica es demasiado a menudo el arte de traicionar los intereses reales y leg\u00edtimos, y de crear otros imaginarios e injustos. \u2013 Arturo &hellip; <\/p>\n<p class=\"link-more\"><a href=\"https:\/\/fraynelson.com\/blog\/sabiduria\/politica\/\" class=\"more-link\">Continuar leyendo<span class=\"screen-reader-text\"> &#8220;Politica&#8221;<\/span><\/a><\/p>\n","protected":false},"author":1138,"featured_media":0,"parent":12257,"menu_order":0,"comment_status":"closed","ping_status":"closed","template":"","meta":{"footnotes":""},"class_list":["post-12302","page","type-page","status-publish","hentry"],"_links":{"self":[{"href":"https:\/\/fraynelson.com\/blog\/wp-json\/wp\/v2\/pages\/12302","targetHints":{"allow":["GET"]}}],"collection":[{"href":"https:\/\/fraynelson.com\/blog\/wp-json\/wp\/v2\/pages"}],"about":[{"href":"https:\/\/fraynelson.com\/blog\/wp-json\/wp\/v2\/types\/page"}],"author":[{"embeddable":true,"href":"https:\/\/fraynelson.com\/blog\/wp-json\/wp\/v2\/users\/1138"}],"replies":[{"embeddable":true,"href":"https:\/\/fraynelson.com\/blog\/wp-json\/wp\/v2\/comments?post=12302"}],"version-history":[{"count":4,"href":"https:\/\/fraynelson.com\/blog\/wp-json\/wp\/v2\/pages\/12302\/revisions"}],"predecessor-version":[{"id":12338,"href":"https:\/\/fraynelson.com\/blog\/wp-json\/wp\/v2\/pages\/12302\/revisions\/12338"}],"up":[{"embeddable":true,"href":"https:\/\/fraynelson.com\/blog\/wp-json\/wp\/v2\/pages\/12257"}],"wp:attachment":[{"href":"https:\/\/fraynelson.com\/blog\/wp-json\/wp\/v2\/media?parent=12302"}],"curies":[{"name":"wp","href":"https:\/\/api.w.org\/{rel}","templated":true}]}}