{"id":12298,"date":"2011-10-31T10:35:10","date_gmt":"2011-10-31T15:35:10","guid":{"rendered":"http:\/\/fraynelson.com\/blog\/?page_id=12298"},"modified":"2011-12-08T20:13:37","modified_gmt":"2011-12-09T01:13:37","slug":"felicidad","status":"publish","type":"page","link":"https:\/\/fraynelson.com\/blog\/sabiduria\/felicidad\/","title":{"rendered":"Felicidad"},"content":{"rendered":"<p>La puerta de la felicidad se abre hacia dentro, hay que retirarse un poco para abrirla: si uno la empuja, la cierra cada vez m\u00e1s. \u2013 S\u00f6ren Aabye Kierkegaard<\/p>\n<p>La felicidad es una estaci\u00f3n de parada en el camino entre lo demasiado y lo muy poco. \u2013 Channing Pollock<\/p>\n<p>Hay momentos en los que todo va bien: no te asustes, no duran. \u2013 Jules Renard<\/p>\n<p>No est\u00e1 la felicidad en vivir, sino en saber vivir. \u2013 Diego de Saavedra Fajardo<\/p>\n<p>Muchas personas se pierden las peque\u00f1as alegr\u00edas mientras aguardan la gran felicidad. \u2013 Pearl S. Buck<\/p>\n<p>Mi felicidad consiste en que s\u00e9 apreciar lo que tengo y no deseo con exceso lo que no tengo. \u2013 Leon Tolstoi<\/p>\n<p>La suprema felicidad de la vida es saber que eres amado por ser lo que eres, m\u00e1s exactamente, a pesar de lo que eres. \u2013 Victor Hugo<\/p>\n<p>Buscamos la felicidad, pero sin saber d\u00f3nde, como los borrachos buscan su casa, sabiendo que tienen una. \u2013 Voltaire<\/p>\n<p>No debemos permitir que alguien se aleje de nuestra presencia sin sentirse mejor y m\u00e1s feliz. \u2013 Madre Teresa de Calcuta<\/p>\n<p>Ponemos m\u00e1s inter\u00e9s en hacer creer a los dem\u00e1s que somos felices que en tratar de serlo. \u2013 Fran\u00e7ois de la Rochefoucauld<\/p>\n<p>La felicidad humana generalmente no se logra con grandes golpes de suerte, que pueden ocurrir pocas veces, sino con peque\u00f1as cosas que ocurren todos los d\u00edas. \u2013 Benjamin Franklin<\/p>\n<p>La dicha de la vida consiste en tener siempre algo que hacer, alguien a quien amar y alguna cosa que esperar. \u2013 Thomas Chalmers<\/p>\n<p>Felicidad no es hacer lo que uno quiere sino querer lo que uno hace. \u2013 Jean Paul Sartre<\/p>\n<p>Alg\u00fan d\u00eda en cualquier parte, en cualquier lugar indefectiblemente te encontrar\u00e1s a ti mismo, y \u00e9sa, s\u00f3lo \u00e9sa, puede ser la m\u00e1s feliz o la m\u00e1s amarga de tus horas. \u2013 Pablo Neruda<\/p>\n<p>La felicidad es interior, no exterior; por lo tanto, no depende de lo que tenemos, sino de lo que somos. \u2013 Henry Van Dyke<\/p>\n<p><i>Deseas m\u00e1s <a href=\"https:\/\/fraynelson.com\/blog\/sabiduria\/\" title=\"Un Sorbo de Sabiduria\">sorbos de sabidur\u00eda<\/a>?<\/i><\/p>\n","protected":false},"excerpt":{"rendered":"<p>La puerta de la felicidad se abre hacia dentro, hay que retirarse un poco para abrirla: si uno la empuja, la cierra cada vez m\u00e1s. \u2013 S\u00f6ren Aabye Kierkegaard La felicidad es una estaci\u00f3n de parada en el camino entre lo demasiado y lo muy poco. \u2013 Channing Pollock Hay momentos en los que todo &hellip; <\/p>\n<p class=\"link-more\"><a href=\"https:\/\/fraynelson.com\/blog\/sabiduria\/felicidad\/\" class=\"more-link\">Continuar leyendo<span class=\"screen-reader-text\"> &#8220;Felicidad&#8221;<\/span><\/a><\/p>\n","protected":false},"author":1138,"featured_media":0,"parent":12257,"menu_order":0,"comment_status":"closed","ping_status":"closed","template":"","meta":{"footnotes":""},"class_list":["post-12298","page","type-page","status-publish","hentry"],"_links":{"self":[{"href":"https:\/\/fraynelson.com\/blog\/wp-json\/wp\/v2\/pages\/12298","targetHints":{"allow":["GET"]}}],"collection":[{"href":"https:\/\/fraynelson.com\/blog\/wp-json\/wp\/v2\/pages"}],"about":[{"href":"https:\/\/fraynelson.com\/blog\/wp-json\/wp\/v2\/types\/page"}],"author":[{"embeddable":true,"href":"https:\/\/fraynelson.com\/blog\/wp-json\/wp\/v2\/users\/1138"}],"replies":[{"embeddable":true,"href":"https:\/\/fraynelson.com\/blog\/wp-json\/wp\/v2\/comments?post=12298"}],"version-history":[{"count":4,"href":"https:\/\/fraynelson.com\/blog\/wp-json\/wp\/v2\/pages\/12298\/revisions"}],"predecessor-version":[{"id":12862,"href":"https:\/\/fraynelson.com\/blog\/wp-json\/wp\/v2\/pages\/12298\/revisions\/12862"}],"up":[{"embeddable":true,"href":"https:\/\/fraynelson.com\/blog\/wp-json\/wp\/v2\/pages\/12257"}],"wp:attachment":[{"href":"https:\/\/fraynelson.com\/blog\/wp-json\/wp\/v2\/media?parent=12298"}],"curies":[{"name":"wp","href":"https:\/\/api.w.org\/{rel}","templated":true}]}}