{"id":12281,"date":"2011-10-31T10:39:08","date_gmt":"2011-10-31T15:39:08","guid":{"rendered":"http:\/\/fraynelson.com\/blog\/?page_id=12281"},"modified":"2011-11-25T17:40:56","modified_gmt":"2011-11-25T22:40:56","slug":"educacion","status":"publish","type":"page","link":"https:\/\/fraynelson.com\/blog\/sabiduria\/educacion\/","title":{"rendered":"Educacion"},"content":{"rendered":"<p>La educaci\u00f3n ha logrado que las personas aprendan a leer, pero es incapaz de se\u00f1alar lo que vale la pena leer. \u2013 George Travelyan<\/p>\n<p>El objeto de la educaci\u00f3n es formar seres aptos para gobernarse a s\u00ed mismos, y no para se gobernados por los dem\u00e1s. \u2013 Herbert Spencer<\/p>\n<p>La educaci\u00f3n ayuda a la persona a aprender a ser lo que es capaz de ser. \u2013 Hes\u00edodo<\/p>\n<p>Suspend\u00ed mi educaci\u00f3n cuando tuve que ir al colegio. \u2013 George Bernard Shaw<\/p>\n<p>La educaci\u00f3n es, tal vez, la forma m\u00e1s alta de buscar a Dios. \u2013 Gabriela Mistral<\/p>\n<p>Acusarse a uno mismo, demuestra que la educaci\u00f3n ha comenzado. \u2013 Epicteto de Frigia<\/p>\n<p>El hombre comienza en realidad a ser viejo cuando cesa de ser educable. \u2013 Arturo Graf<\/p>\n<p>Antes de casarme ten\u00eda seis teor\u00edas sobre el modo de educar a los ni\u00f1os. Ahora tengo seis hijos y ning\u00fan teor\u00eda. \u2013 John Wilmot<\/p>\n<p>Formarse no es nada f\u00e1cil, pero reformarse lo es menos a\u00fan. \u2013 Jean Cocteau<\/p>\n<p>Es un gran error suponer, que el imperio que se establece sobre los hombres por la fuerza, sea m\u00e1s agradable y permanente, que el que se funda sobre el amor. \u2013 Publio Terencio Afer<\/p>\n<p>El maestro que intenta ense\u00f1ar sin inspirar en el alumno el deseo de aprender est\u00e1 tratando de forjar un hierro fr\u00edo. \u2013 Horace Mann<\/p>\n<p>La primera tarea de la educaci\u00f3n es agitar la vida, pero dejarla libre para que se desarrolle. \u2013 Maria Montessori<\/p>\n<p>Por la ignorancia se desciende a la servidumbre, por la educaci\u00f3n se asciende a la libertad. \u2013 Diego Lu\u00eds C\u00f3rdoba<\/p>\n<p>La verdadera educaci\u00f3n consiste en obtener lo mejor de uno mismo. \u2013 Mahatma Gandhi<\/p>\n<p>No puede existir la educaci\u00f3n libre, porque si dej\u00e1is a un ni\u00f1o libre no le educar\u00e9is. \u2013 Gilbert Keith Chesterton<\/p>\n<p><i>Deseas m\u00e1s <a href=\"https:\/\/fraynelson.com\/blog\/sabiduria\/\" title=\"Un Sorbo de Sabiduria\">sorbos de sabidur\u00eda<\/a>?<\/i><\/p>\n","protected":false},"excerpt":{"rendered":"<p>La educaci\u00f3n ha logrado que las personas aprendan a leer, pero es incapaz de se\u00f1alar lo que vale la pena leer. \u2013 George Travelyan El objeto de la educaci\u00f3n es formar seres aptos para gobernarse a s\u00ed mismos, y no para se gobernados por los dem\u00e1s. \u2013 Herbert Spencer La educaci\u00f3n ayuda a la persona &hellip; <\/p>\n<p class=\"link-more\"><a href=\"https:\/\/fraynelson.com\/blog\/sabiduria\/educacion\/\" class=\"more-link\">Continuar leyendo<span class=\"screen-reader-text\"> &#8220;Educacion&#8221;<\/span><\/a><\/p>\n","protected":false},"author":1138,"featured_media":0,"parent":12257,"menu_order":0,"comment_status":"closed","ping_status":"closed","template":"","meta":{"footnotes":""},"class_list":["post-12281","page","type-page","status-publish","hentry"],"_links":{"self":[{"href":"https:\/\/fraynelson.com\/blog\/wp-json\/wp\/v2\/pages\/12281","targetHints":{"allow":["GET"]}}],"collection":[{"href":"https:\/\/fraynelson.com\/blog\/wp-json\/wp\/v2\/pages"}],"about":[{"href":"https:\/\/fraynelson.com\/blog\/wp-json\/wp\/v2\/types\/page"}],"author":[{"embeddable":true,"href":"https:\/\/fraynelson.com\/blog\/wp-json\/wp\/v2\/users\/1138"}],"replies":[{"embeddable":true,"href":"https:\/\/fraynelson.com\/blog\/wp-json\/wp\/v2\/comments?post=12281"}],"version-history":[{"count":5,"href":"https:\/\/fraynelson.com\/blog\/wp-json\/wp\/v2\/pages\/12281\/revisions"}],"predecessor-version":[{"id":12744,"href":"https:\/\/fraynelson.com\/blog\/wp-json\/wp\/v2\/pages\/12281\/revisions\/12744"}],"up":[{"embeddable":true,"href":"https:\/\/fraynelson.com\/blog\/wp-json\/wp\/v2\/pages\/12257"}],"wp:attachment":[{"href":"https:\/\/fraynelson.com\/blog\/wp-json\/wp\/v2\/media?parent=12281"}],"curies":[{"name":"wp","href":"https:\/\/api.w.org\/{rel}","templated":true}]}}