{"id":12280,"date":"2011-10-31T10:31:13","date_gmt":"2011-10-31T15:31:13","guid":{"rendered":"http:\/\/fraynelson.com\/blog\/?page_id=12280"},"modified":"2011-10-31T20:12:59","modified_gmt":"2011-11-01T01:12:59","slug":"vejez","status":"publish","type":"page","link":"https:\/\/fraynelson.com\/blog\/sabiduria\/vejez\/","title":{"rendered":"Vejez"},"content":{"rendered":"<p>Muchas personas no cumplen los ochenta porque intentan durante demasiado tiempo quedarse en los cuarenta. \u2013 Salvador Dal\u00ed<\/p>\n<p>La tragedia de la vejez no es que uno sea viejo, sino que uno no es joven. \u2013 Oscar Wilde<\/p>\n<p>La vejez es un tirano que proh\u00edbe, bajo pena de muerte, todos los placeres de la juventud. \u2013 Fran\u00e7ois de la Rochefoucauld<\/p>\n<p>El arte de envejecer es el arte de conservar alguna esperanza. \u2013 Andr\u00e9 Maurois<\/p>\n<p>Cuando me dicen que soy demasiado viejo para hacer una cosa, procuro hacerla enseguida. \u2013 Pablo Picasso<\/p>\n<p>El secreto de una buena vejez no es otra cosa que un pacto honrado con la soledad. \u2013 Gabriel Garc\u00eda M\u00e1rquez<\/p>\n<p>Envejecer es como escalar una gran monta\u00f1a: mientras se sube las fuerzas disminuyen, pero la mirada es m\u00e1s libre, la vista m\u00e1s amplia y serena. \u2013 Ingmar Bergman<\/p>\n<p>Vieja madera para arder, viejo vino para beber, viejos amigos en quien confiar, y viejos autores para leer. \u2013 Sir Francis Bacon<\/p>\n<p>La edad madura es aquella en la que todav\u00eda se es joven, pero con mucho m\u00e1s esfuerzo. \u2013 Jean-Louis Barrault<\/p>\n<p>Nada nos hace envejecer con m\u00e1s rapidez que el pensar incesantemente en que nos hacemos viejos. \u2013 Georg Christoph Lichtenberg<\/p>\n<p><i>Deseas m\u00e1s <a href=\"https:\/\/fraynelson.com\/blog\/sabiduria\/\" title=\"Un Sorbo de Sabiduria\">sorbos de sabidur\u00eda<\/a>?<\/i><\/p>\n","protected":false},"excerpt":{"rendered":"<p>Muchas personas no cumplen los ochenta porque intentan durante demasiado tiempo quedarse en los cuarenta. \u2013 Salvador Dal\u00ed La tragedia de la vejez no es que uno sea viejo, sino que uno no es joven. \u2013 Oscar Wilde La vejez es un tirano que proh\u00edbe, bajo pena de muerte, todos los placeres de la juventud. &hellip; <\/p>\n<p class=\"link-more\"><a href=\"https:\/\/fraynelson.com\/blog\/sabiduria\/vejez\/\" class=\"more-link\">Continuar leyendo<span class=\"screen-reader-text\"> &#8220;Vejez&#8221;<\/span><\/a><\/p>\n","protected":false},"author":1138,"featured_media":0,"parent":12257,"menu_order":0,"comment_status":"closed","ping_status":"closed","template":"","meta":{"footnotes":""},"class_list":["post-12280","page","type-page","status-publish","hentry"],"_links":{"self":[{"href":"https:\/\/fraynelson.com\/blog\/wp-json\/wp\/v2\/pages\/12280","targetHints":{"allow":["GET"]}}],"collection":[{"href":"https:\/\/fraynelson.com\/blog\/wp-json\/wp\/v2\/pages"}],"about":[{"href":"https:\/\/fraynelson.com\/blog\/wp-json\/wp\/v2\/types\/page"}],"author":[{"embeddable":true,"href":"https:\/\/fraynelson.com\/blog\/wp-json\/wp\/v2\/users\/1138"}],"replies":[{"embeddable":true,"href":"https:\/\/fraynelson.com\/blog\/wp-json\/wp\/v2\/comments?post=12280"}],"version-history":[{"count":4,"href":"https:\/\/fraynelson.com\/blog\/wp-json\/wp\/v2\/pages\/12280\/revisions"}],"predecessor-version":[{"id":12316,"href":"https:\/\/fraynelson.com\/blog\/wp-json\/wp\/v2\/pages\/12280\/revisions\/12316"}],"up":[{"embeddable":true,"href":"https:\/\/fraynelson.com\/blog\/wp-json\/wp\/v2\/pages\/12257"}],"wp:attachment":[{"href":"https:\/\/fraynelson.com\/blog\/wp-json\/wp\/v2\/media?parent=12280"}],"curies":[{"name":"wp","href":"https:\/\/api.w.org\/{rel}","templated":true}]}}