{"id":12279,"date":"2011-10-31T10:28:54","date_gmt":"2011-10-31T15:28:54","guid":{"rendered":"http:\/\/fraynelson.com\/blog\/?page_id=12279"},"modified":"2011-10-31T20:08:26","modified_gmt":"2011-11-01T01:08:26","slug":"futuro","status":"publish","type":"page","link":"https:\/\/fraynelson.com\/blog\/sabiduria\/futuro\/","title":{"rendered":"Futuro"},"content":{"rendered":"<p>S\u00f3lo cerrando las puertas detr\u00e1s de uno se abren ventanas hacia el porvenir. \u2013 Fran\u00e7oise Sagan<\/p>\n<p>Si se me diera la oportunidad de hacer un regalo a la siguiente generaci\u00f3n, ser\u00eda la capacidad de re\u00edrse cada cual de s\u00ed mismo. \u2013 Charles M. Schulz<\/p>\n<p>Si no piensas en tu porvenir, no lo tendr\u00e1s. \u2013 John Kenneth Galbraith<\/p>\n<p>Yo no s\u00e9 quien fue mi abuelo; me importa mucho m\u00e1s saber quien ser\u00e1 su nieto. \u2013 Abraham Lincoln<\/p>\n<p>Procuremos m\u00e1s ser padres de nuestro porvenir que hijos de nuestro pasado. \u2013 Miguel de Unamuno<\/p>\n<p>El futuro tiene muchos nombres. Para los d\u00e9biles es lo inalcanzable. Para los temerosos, lo desconocido. Para los valientes es la oportunidad. \u2013 Victor Hugo<\/p>\n<p>El futuro pertenece a quienes creen en la belleza de sus sue\u00f1os. \u2013 Eleanor Roosevelt<\/p>\n<p>Me interesa el futuro porque es el sitio donde voy a pasar el resto de mi vida. \u2013 Woody Allen<\/p>\n<p>Los hombres y pueblos en decadencia viven acord\u00e1ndose de d\u00f3nde vienen; los hombres geniales y pueblos fuertes s\u00f3lo necesitan saber a d\u00f3nde van. \u2013 Jos\u00e9 Ingenieros<\/p>\n<p>El futuro es algo que cada cual alcanza a un ritmo de sesenta minutos por hora, haga lo que haga y sea quien sea. \u2013 Clive Staples Lewis<\/p>\n<p><i>Deseas m\u00e1s <a href=\"https:\/\/fraynelson.com\/blog\/sabiduria\/\" title=\"Un Sorbo de Sabiduria\">sorbos de sabidur\u00eda<\/a>?<\/i><\/p>\n","protected":false},"excerpt":{"rendered":"<p>S\u00f3lo cerrando las puertas detr\u00e1s de uno se abren ventanas hacia el porvenir. \u2013 Fran\u00e7oise Sagan Si se me diera la oportunidad de hacer un regalo a la siguiente generaci\u00f3n, ser\u00eda la capacidad de re\u00edrse cada cual de s\u00ed mismo. \u2013 Charles M. Schulz Si no piensas en tu porvenir, no lo tendr\u00e1s. \u2013 John &hellip; <\/p>\n<p class=\"link-more\"><a href=\"https:\/\/fraynelson.com\/blog\/sabiduria\/futuro\/\" class=\"more-link\">Continuar leyendo<span class=\"screen-reader-text\"> &#8220;Futuro&#8221;<\/span><\/a><\/p>\n","protected":false},"author":1138,"featured_media":0,"parent":12257,"menu_order":0,"comment_status":"closed","ping_status":"closed","template":"","meta":{"footnotes":""},"class_list":["post-12279","page","type-page","status-publish","hentry"],"_links":{"self":[{"href":"https:\/\/fraynelson.com\/blog\/wp-json\/wp\/v2\/pages\/12279","targetHints":{"allow":["GET"]}}],"collection":[{"href":"https:\/\/fraynelson.com\/blog\/wp-json\/wp\/v2\/pages"}],"about":[{"href":"https:\/\/fraynelson.com\/blog\/wp-json\/wp\/v2\/types\/page"}],"author":[{"embeddable":true,"href":"https:\/\/fraynelson.com\/blog\/wp-json\/wp\/v2\/users\/1138"}],"replies":[{"embeddable":true,"href":"https:\/\/fraynelson.com\/blog\/wp-json\/wp\/v2\/comments?post=12279"}],"version-history":[{"count":3,"href":"https:\/\/fraynelson.com\/blog\/wp-json\/wp\/v2\/pages\/12279\/revisions"}],"predecessor-version":[{"id":12391,"href":"https:\/\/fraynelson.com\/blog\/wp-json\/wp\/v2\/pages\/12279\/revisions\/12391"}],"up":[{"embeddable":true,"href":"https:\/\/fraynelson.com\/blog\/wp-json\/wp\/v2\/pages\/12257"}],"wp:attachment":[{"href":"https:\/\/fraynelson.com\/blog\/wp-json\/wp\/v2\/media?parent=12279"}],"curies":[{"name":"wp","href":"https:\/\/api.w.org\/{rel}","templated":true}]}}