{"id":12277,"date":"2011-10-31T10:41:20","date_gmt":"2011-10-31T15:41:20","guid":{"rendered":"http:\/\/fraynelson.com\/blog\/?page_id=12277"},"modified":"2011-10-31T20:09:11","modified_gmt":"2011-11-01T01:09:11","slug":"gratitud","status":"publish","type":"page","link":"https:\/\/fraynelson.com\/blog\/sabiduria\/gratitud\/","title":{"rendered":"Gratitud"},"content":{"rendered":"<p>La gratitud, como ciertas flores, no se da en la altura y mejor reverdece en la tierra buena de los humildes. \u2013 Jos\u00e9 Mart\u00ed<\/p>\n<p>Cuando bebas agua, recuerda la fuente. \u2013 Proverbio chino<\/p>\n<p>Es tan grande el placer que se experimenta al encontrar un hombre agradecido que vale la pena arriesgarse a hacer un ingrato. \u2013 Lucio Anneo S\u00e9neca<\/p>\n<p>Siendo ni\u00f1os \u00e9ramos agradecidos con los que nos llenaban los calcetines por Navidad. \u00bfPor qu\u00e9 no agradec\u00edamos a Dios que llenara nuestros calcentines con nuestros pies? \u2013 Gilbert Keith Chesterton<\/p>\n<p>\u00a1Venturoso aquel a quien el cielo dio un pedazo de pan, sin que le quede obligaci\u00f3n de agradec\u00e9rselo a otro que al mismo cielo! \u2013 Miguel de Cervantes Saavedra<\/p>\n<p>A un gran coraz\u00f3n, ninguna ingratitud lo cierra, ninguna indiferencia lo cansa. \u2013 Leon Tolstoi<\/p>\n<p>Un s\u00f3lo pensamiento de gratitud hacia el cielo, es la oraci\u00f3n m\u00e1s perfecta. \u2013 Gotthold Ephraim Lessing<\/p>\n<p>La gratitud en silencio no sirve a nadie. \u2013 Gladys Bronwyn Stern<\/p>\n<p>Tengo tres perros peligrosos: la ingratitud, la soberbia y la envidia. Cuando muerden dejan una herida profunda. \u2013 Mart\u00edn Lutero<\/p>\n<p>Poco bueno habra hecho en su vida el que no sepa de ingratitudes. \u2013 Jacinto Benavente<\/p>\n<p><i>Deseas m\u00e1s <a href=\"https:\/\/fraynelson.com\/blog\/sabiduria\/\" title=\"Un Sorbo de Sabiduria\">sorbos de sabidur\u00eda<\/a>?<\/i><\/p>\n","protected":false},"excerpt":{"rendered":"<p>La gratitud, como ciertas flores, no se da en la altura y mejor reverdece en la tierra buena de los humildes. \u2013 Jos\u00e9 Mart\u00ed Cuando bebas agua, recuerda la fuente. \u2013 Proverbio chino Es tan grande el placer que se experimenta al encontrar un hombre agradecido que vale la pena arriesgarse a hacer un ingrato. &hellip; <\/p>\n<p class=\"link-more\"><a href=\"https:\/\/fraynelson.com\/blog\/sabiduria\/gratitud\/\" class=\"more-link\">Continuar leyendo<span class=\"screen-reader-text\"> &#8220;Gratitud&#8221;<\/span><\/a><\/p>\n","protected":false},"author":1138,"featured_media":0,"parent":12257,"menu_order":0,"comment_status":"closed","ping_status":"closed","template":"","meta":{"footnotes":""},"class_list":["post-12277","page","type-page","status-publish","hentry"],"_links":{"self":[{"href":"https:\/\/fraynelson.com\/blog\/wp-json\/wp\/v2\/pages\/12277","targetHints":{"allow":["GET"]}}],"collection":[{"href":"https:\/\/fraynelson.com\/blog\/wp-json\/wp\/v2\/pages"}],"about":[{"href":"https:\/\/fraynelson.com\/blog\/wp-json\/wp\/v2\/types\/page"}],"author":[{"embeddable":true,"href":"https:\/\/fraynelson.com\/blog\/wp-json\/wp\/v2\/users\/1138"}],"replies":[{"embeddable":true,"href":"https:\/\/fraynelson.com\/blog\/wp-json\/wp\/v2\/comments?post=12277"}],"version-history":[{"count":3,"href":"https:\/\/fraynelson.com\/blog\/wp-json\/wp\/v2\/pages\/12277\/revisions"}],"predecessor-version":[{"id":12392,"href":"https:\/\/fraynelson.com\/blog\/wp-json\/wp\/v2\/pages\/12277\/revisions\/12392"}],"up":[{"embeddable":true,"href":"https:\/\/fraynelson.com\/blog\/wp-json\/wp\/v2\/pages\/12257"}],"wp:attachment":[{"href":"https:\/\/fraynelson.com\/blog\/wp-json\/wp\/v2\/media?parent=12277"}],"curies":[{"name":"wp","href":"https:\/\/api.w.org\/{rel}","templated":true}]}}