{"id":12276,"date":"2011-10-31T10:45:59","date_gmt":"2011-10-31T15:45:59","guid":{"rendered":"http:\/\/fraynelson.com\/blog\/?page_id=12276"},"modified":"2011-10-31T20:04:18","modified_gmt":"2011-11-01T01:04:18","slug":"confianza","status":"publish","type":"page","link":"https:\/\/fraynelson.com\/blog\/sabiduria\/confianza\/","title":{"rendered":"Confianza"},"content":{"rendered":"<p>La confianza, como el arte, nunca proviene de tener todas las respuestas, sino de estar abierto a todas la preguntas. \u2013 Earl Gray Stevens<\/p>\n<p>\u00a1Confiamos demasiado en los sistemas, y muy poco en los hombres!. \u2013 Benjamin Disraeli<\/p>\n<p>No es fi\u00e9is del que de nadie se f\u00eda. \u2013 Arturo Graf<\/p>\n<p>Desconf\u00eda de la persona que lo ve todo bien, y de aquel que lo ve todo mal. \u2013 Johann Kaspar Lavater<\/p>\n<p>Aprende a confiar en tu coraz\u00f3n, pero primero ed\u00facalo. \u2013 An\u00f3nima<\/p>\n<p>La confianza ha de darnos la paz. No basta la buena fe, es preciso mostrarla, porque los hombres siempre ven y pocas veces piensan. \u2013 Sim\u00f3n Bol\u00edvar<\/p>\n<p>Qu\u00e9 soledad es m\u00e1s solitaria que la desconfianza. \u2013 George Elliot<\/p>\n<p>El que se f\u00eda de cualquiera demuestra poca discreci\u00f3n y sensatez; el que de nadie se f\u00eda demuestra tener todav\u00eda menos. \u2013 Arturo Graf<\/p>\n<p>Desconf\u00eden del rencor de los solitarios que dan la espalda al amor, a la ambici\u00f3n, a la sociedad. Se vengar\u00e1n un d\u00eda de haber renunciado a todo eso. \u2013 \u00c9mile Cioran<\/p>\n<p>Las muchas promesas disminuyen la confianza. \u2013 Quinto Horacio Flaco<\/p>\n<p><i>Deseas m\u00e1s <a href=\"https:\/\/fraynelson.com\/blog\/sabiduria\/\" title=\"Un Sorbo de Sabiduria\">sorbos de sabidur\u00eda<\/a>?<\/i><\/p>\n","protected":false},"excerpt":{"rendered":"<p>La confianza, como el arte, nunca proviene de tener todas las respuestas, sino de estar abierto a todas la preguntas. \u2013 Earl Gray Stevens \u00a1Confiamos demasiado en los sistemas, y muy poco en los hombres!. \u2013 Benjamin Disraeli No es fi\u00e9is del que de nadie se f\u00eda. \u2013 Arturo Graf Desconf\u00eda de la persona que &hellip; <\/p>\n<p class=\"link-more\"><a href=\"https:\/\/fraynelson.com\/blog\/sabiduria\/confianza\/\" class=\"more-link\">Continuar leyendo<span class=\"screen-reader-text\"> &#8220;Confianza&#8221;<\/span><\/a><\/p>\n","protected":false},"author":1138,"featured_media":0,"parent":12257,"menu_order":0,"comment_status":"closed","ping_status":"closed","template":"","meta":{"footnotes":""},"class_list":["post-12276","page","type-page","status-publish","hentry"],"_links":{"self":[{"href":"https:\/\/fraynelson.com\/blog\/wp-json\/wp\/v2\/pages\/12276","targetHints":{"allow":["GET"]}}],"collection":[{"href":"https:\/\/fraynelson.com\/blog\/wp-json\/wp\/v2\/pages"}],"about":[{"href":"https:\/\/fraynelson.com\/blog\/wp-json\/wp\/v2\/types\/page"}],"author":[{"embeddable":true,"href":"https:\/\/fraynelson.com\/blog\/wp-json\/wp\/v2\/users\/1138"}],"replies":[{"embeddable":true,"href":"https:\/\/fraynelson.com\/blog\/wp-json\/wp\/v2\/comments?post=12276"}],"version-history":[{"count":3,"href":"https:\/\/fraynelson.com\/blog\/wp-json\/wp\/v2\/pages\/12276\/revisions"}],"predecessor-version":[{"id":12382,"href":"https:\/\/fraynelson.com\/blog\/wp-json\/wp\/v2\/pages\/12276\/revisions\/12382"}],"up":[{"embeddable":true,"href":"https:\/\/fraynelson.com\/blog\/wp-json\/wp\/v2\/pages\/12257"}],"wp:attachment":[{"href":"https:\/\/fraynelson.com\/blog\/wp-json\/wp\/v2\/media?parent=12276"}],"curies":[{"name":"wp","href":"https:\/\/api.w.org\/{rel}","templated":true}]}}