{"id":12275,"date":"2011-10-31T11:39:08","date_gmt":"2011-10-31T16:39:08","guid":{"rendered":"http:\/\/fraynelson.com\/blog\/?page_id=12275"},"modified":"2011-11-19T11:37:37","modified_gmt":"2011-11-19T16:37:37","slug":"padres","status":"publish","type":"page","link":"https:\/\/fraynelson.com\/blog\/sabiduria\/padres\/","title":{"rendered":"Padres"},"content":{"rendered":"<p>Lo que hab\u00e9is heredado de vuestros padres, volvedlo a ganar a pulso o no ser\u00e1 vuestro. \u2013 Johann Wolfgang Goethe<\/p>\n<p>Y mis padres por fin se dan cuenta de que he sido secuestrado y se ponen en acci\u00f3n r\u00e1pidamente: alquilan mi habitaci\u00f3n. \u2013 Woody Allen<\/p>\n<p>Cuando un hombre se da cuenta de que su padre tal vez ten\u00eda raz\u00f3n, normalmente tiene un hijo que cree que est\u00e1 equivocado. \u2013 Charles Wadsworth<\/p>\n<p>No puedo concebir ninguna necesidad tan importante durante la infancia de una persona que la necesidad de sentirse protegido por un padre. \u2013 Sigmund Freud<\/p>\n<p>A veces el hombre m\u00e1s pobre deja a sus hijos la herencia m\u00e1s rica. \u2013 Ruth E. Renkel<\/p>\n<p>Gobierna tu casa y sabr\u00e1s cu\u00e1nto cuesta la le\u00f1a y el arroz; cr\u00eda a tus hijos, y sabr\u00e1s cu\u00e1nto debes a tus padres. \u2013 Proverbio oriental<\/p>\n<p>El sue\u00f1o del h\u00e9roe, es ser grande en todas partes y peque\u00f1o al lado de su padre. \u2013 Victor Hugo<\/p>\n<p>\u00a1Cu\u00e1n grande riqueza es, aun entre los pobres, el ser hijo de buen padre! \u2013 Juan Luis Vives<\/p>\n<p>Cuando yo ten\u00eda catorce a\u00f1os, mi padre era tan ignorante que no pod\u00eda soportarle. Pero cuando cumpl\u00ed los veintiuno, me parec\u00eda incre\u00edble lo mucho que mi padre hab\u00eda aprendido en siete a\u00f1os. \u2013 Mark Twain<\/p>\n<p>Un buen padre vale por cien maestros. \u2013 Jean Jacques Rousseau<\/p>\n<p>Por severo que sea un padre juzgando a su hijo, nunca es tan severo como un hijo juzgando a su padre. \u2013 Enrique Jardiel Poncela<\/p>\n<p>Economizad las l\u00e1grimas de vuestros hijos a fin de que puedan regar con ellas vuestra tumba. \u2013 Pit\u00e1goras de Samos<\/p>\n<p>El mejor legado de un padre a sus hijos es un poco de su tiempo cada d\u00eda. \u2013 Battista<\/p>\n<p>Tener hijos no lo convierte a uno en padre, del mismo modo en que tener un piano no lo vuelve pianista. \u2013 Michael Levine<\/p>\n<p>Los padres de familia suelen hablar de la nueva generaci\u00f3n como si no tuvieran nada que ver con ella.<\/p>\n<p><i>Deseas m\u00e1s <a href=\"https:\/\/fraynelson.com\/blog\/sabiduria\/\" title=\"Un Sorbo de Sabiduria\">sorbos de sabidur\u00eda<\/a>?<\/i><\/p>\n","protected":false},"excerpt":{"rendered":"<p>Lo que hab\u00e9is heredado de vuestros padres, volvedlo a ganar a pulso o no ser\u00e1 vuestro. \u2013 Johann Wolfgang Goethe Y mis padres por fin se dan cuenta de que he sido secuestrado y se ponen en acci\u00f3n r\u00e1pidamente: alquilan mi habitaci\u00f3n. \u2013 Woody Allen Cuando un hombre se da cuenta de que su padre &hellip; <\/p>\n<p class=\"link-more\"><a href=\"https:\/\/fraynelson.com\/blog\/sabiduria\/padres\/\" class=\"more-link\">Continuar leyendo<span class=\"screen-reader-text\"> &#8220;Padres&#8221;<\/span><\/a><\/p>\n","protected":false},"author":1138,"featured_media":0,"parent":12257,"menu_order":0,"comment_status":"closed","ping_status":"closed","template":"","meta":{"footnotes":""},"class_list":["post-12275","page","type-page","status-publish","hentry"],"_links":{"self":[{"href":"https:\/\/fraynelson.com\/blog\/wp-json\/wp\/v2\/pages\/12275","targetHints":{"allow":["GET"]}}],"collection":[{"href":"https:\/\/fraynelson.com\/blog\/wp-json\/wp\/v2\/pages"}],"about":[{"href":"https:\/\/fraynelson.com\/blog\/wp-json\/wp\/v2\/types\/page"}],"author":[{"embeddable":true,"href":"https:\/\/fraynelson.com\/blog\/wp-json\/wp\/v2\/users\/1138"}],"replies":[{"embeddable":true,"href":"https:\/\/fraynelson.com\/blog\/wp-json\/wp\/v2\/comments?post=12275"}],"version-history":[{"count":5,"href":"https:\/\/fraynelson.com\/blog\/wp-json\/wp\/v2\/pages\/12275\/revisions"}],"predecessor-version":[{"id":12703,"href":"https:\/\/fraynelson.com\/blog\/wp-json\/wp\/v2\/pages\/12275\/revisions\/12703"}],"up":[{"embeddable":true,"href":"https:\/\/fraynelson.com\/blog\/wp-json\/wp\/v2\/pages\/12257"}],"wp:attachment":[{"href":"https:\/\/fraynelson.com\/blog\/wp-json\/wp\/v2\/media?parent=12275"}],"curies":[{"name":"wp","href":"https:\/\/api.w.org\/{rel}","templated":true}]}}