{"id":12274,"date":"2011-10-31T11:08:27","date_gmt":"2011-10-31T16:08:27","guid":{"rendered":"http:\/\/fraynelson.com\/blog\/?page_id=12274"},"modified":"2011-10-31T20:10:26","modified_gmt":"2011-11-01T01:10:26","slug":"maldad","status":"publish","type":"page","link":"https:\/\/fraynelson.com\/blog\/sabiduria\/maldad\/","title":{"rendered":"Maldad"},"content":{"rendered":"<p>Para que triunfe el mal, s\u00f3lo es necesario que los buenos no hagan nada. \u2013 Edmund Burke<\/p>\n<p>Al hombre perverso se le conoce en un s\u00f3lo d\u00eda; para conocer al hombre justo hace falta m\u00e1s tiempo. \u2013 S\u00f3focles<\/p>\n<p>El mal que hacemos es siempre m\u00e1s triste que el mal que nos hacen. \u2013 Jacinto Benavente<\/p>\n<p>Quien con monstruos lucha cuide de convertirse a su vez en monstruo. Cuando miras largo tiempo a un abismo, el abismo tambi\u00e9n mira dentro de ti. \u2013 Friedrich Nietzsche<\/p>\n<p>Jam\u00e1s es excusable ser malvado, pero hay cierto m\u00e9rito en saber que uno lo es. \u2013 Charles Baudelaire<\/p>\n<p>Ning\u00fan hombre conoce lo malo que es hasta que no ha tratado de esforzarse por ser bueno. S\u00f3lo podr\u00e1s conocer la fuerza de un viento tratando de caminar contra \u00e9l, no dej\u00e1ndote llevar. \u2013 Clive Staples Lewis<\/p>\n<p>El mundo no est\u00e1 en peligro por las personas malas sino por aquellas que permiten la maldad. \u2013 Albert Einstein<\/p>\n<p>Es extra\u00f1a la ligereza con que los malvados creen que todo les saldr\u00e1 bien. \u2013 Victor Hugo<\/p>\n<p>Quien no castiga el mal, ordena que se haga. \u2013 Leonardo Da Vinci<\/p>\n<p>Lo peor que hacen los malos es obligarnos a dudar de los buenos. \u2013 Jacinto Benavente<\/p>\n<p><i>Deseas m\u00e1s <a href=\"https:\/\/fraynelson.com\/blog\/sabiduria\/\" title=\"Un Sorbo de Sabiduria\">sorbos de sabidur\u00eda<\/a>?<\/i><\/p>\n","protected":false},"excerpt":{"rendered":"<p>Para que triunfe el mal, s\u00f3lo es necesario que los buenos no hagan nada. \u2013 Edmund Burke Al hombre perverso se le conoce en un s\u00f3lo d\u00eda; para conocer al hombre justo hace falta m\u00e1s tiempo. \u2013 S\u00f3focles El mal que hacemos es siempre m\u00e1s triste que el mal que nos hacen. \u2013 Jacinto Benavente &hellip; <\/p>\n<p class=\"link-more\"><a href=\"https:\/\/fraynelson.com\/blog\/sabiduria\/maldad\/\" class=\"more-link\">Continuar leyendo<span class=\"screen-reader-text\"> &#8220;Maldad&#8221;<\/span><\/a><\/p>\n","protected":false},"author":1138,"featured_media":0,"parent":12257,"menu_order":0,"comment_status":"closed","ping_status":"closed","template":"","meta":{"footnotes":""},"class_list":["post-12274","page","type-page","status-publish","hentry"],"_links":{"self":[{"href":"https:\/\/fraynelson.com\/blog\/wp-json\/wp\/v2\/pages\/12274","targetHints":{"allow":["GET"]}}],"collection":[{"href":"https:\/\/fraynelson.com\/blog\/wp-json\/wp\/v2\/pages"}],"about":[{"href":"https:\/\/fraynelson.com\/blog\/wp-json\/wp\/v2\/types\/page"}],"author":[{"embeddable":true,"href":"https:\/\/fraynelson.com\/blog\/wp-json\/wp\/v2\/users\/1138"}],"replies":[{"embeddable":true,"href":"https:\/\/fraynelson.com\/blog\/wp-json\/wp\/v2\/comments?post=12274"}],"version-history":[{"count":3,"href":"https:\/\/fraynelson.com\/blog\/wp-json\/wp\/v2\/pages\/12274\/revisions"}],"predecessor-version":[{"id":12398,"href":"https:\/\/fraynelson.com\/blog\/wp-json\/wp\/v2\/pages\/12274\/revisions\/12398"}],"up":[{"embeddable":true,"href":"https:\/\/fraynelson.com\/blog\/wp-json\/wp\/v2\/pages\/12257"}],"wp:attachment":[{"href":"https:\/\/fraynelson.com\/blog\/wp-json\/wp\/v2\/media?parent=12274"}],"curies":[{"name":"wp","href":"https:\/\/api.w.org\/{rel}","templated":true}]}}