{"id":12269,"date":"2011-10-31T10:48:49","date_gmt":"2011-10-31T15:48:49","guid":{"rendered":"http:\/\/fraynelson.com\/blog\/?page_id=12269"},"modified":"2011-10-31T20:11:07","modified_gmt":"2011-11-01T01:11:07","slug":"musica","status":"publish","type":"page","link":"https:\/\/fraynelson.com\/blog\/sabiduria\/musica\/","title":{"rendered":"Musica"},"content":{"rendered":"<p>La m\u00fasica compone los \u00e1nimos descompuestos y alivia los trabajos que nacen del esp\u00edritu. \u2013 Miguel de Cervantes Saavedra<\/p>\n<p>La m\u00fasica empieza donde se acaba el lenguaje. \u2013 E.T.A. Hoffmann<\/p>\n<p>La m\u00fasica es la aritm\u00e9tica de los sonidos, como la \u00f3ptica es la geometr\u00eda de la luz. \u2013 Claude Debussy<\/p>\n<p>El arte de la m\u00fasica es el que m\u00e1s cercano se halla de las l\u00e1grimas y los recuerdos. \u2013 Oscar Wilde<\/p>\n<p>Los m\u00fasicos son terriblemente irrazonables. Siempre quieren que uno sea totalmente mudo en el preciso momento que uno desea ser completamente sordo. \u2013 Oscar Wilde<\/p>\n<p>La m\u00fasica es para el alma lo que la gimnasia para el cuerpo. \u2013 Plat\u00f3n<\/p>\n<p>El que escucha m\u00fasica siente que su soledad, de repente, se puebla. \u2013 Robert Browning<\/p>\n<p>La m\u00fasica es el arte m\u00e1s directo, entra por el o\u00eddo y va al coraz\u00f3n. \u2013 Magdalena Mart\u00ednez<\/p>\n<p>La m\u00fasica puede dar nombre a lo innombrable y comunicar lo desconocido. \u2013 Leonard Bernstein<\/p>\n<p>Componer no es dif\u00edcil, lo complicado es dejar caer bajo la mesa las notas superfluas. \u2013 Johannes Brahms<\/p>\n<p><i>Deseas m\u00e1s <a href=\"https:\/\/fraynelson.com\/blog\/sabiduria\/\" title=\"Un Sorbo de Sabiduria\">sorbos de sabidur\u00eda<\/a>?<\/i><\/p>\n","protected":false},"excerpt":{"rendered":"<p>La m\u00fasica compone los \u00e1nimos descompuestos y alivia los trabajos que nacen del esp\u00edritu. \u2013 Miguel de Cervantes Saavedra La m\u00fasica empieza donde se acaba el lenguaje. \u2013 E.T.A. Hoffmann La m\u00fasica es la aritm\u00e9tica de los sonidos, como la \u00f3ptica es la geometr\u00eda de la luz. \u2013 Claude Debussy El arte de la m\u00fasica &hellip; <\/p>\n<p class=\"link-more\"><a href=\"https:\/\/fraynelson.com\/blog\/sabiduria\/musica\/\" class=\"more-link\">Continuar leyendo<span class=\"screen-reader-text\"> &#8220;Musica&#8221;<\/span><\/a><\/p>\n","protected":false},"author":1138,"featured_media":0,"parent":12257,"menu_order":0,"comment_status":"closed","ping_status":"closed","template":"","meta":{"footnotes":""},"class_list":["post-12269","page","type-page","status-publish","hentry"],"_links":{"self":[{"href":"https:\/\/fraynelson.com\/blog\/wp-json\/wp\/v2\/pages\/12269","targetHints":{"allow":["GET"]}}],"collection":[{"href":"https:\/\/fraynelson.com\/blog\/wp-json\/wp\/v2\/pages"}],"about":[{"href":"https:\/\/fraynelson.com\/blog\/wp-json\/wp\/v2\/types\/page"}],"author":[{"embeddable":true,"href":"https:\/\/fraynelson.com\/blog\/wp-json\/wp\/v2\/users\/1138"}],"replies":[{"embeddable":true,"href":"https:\/\/fraynelson.com\/blog\/wp-json\/wp\/v2\/comments?post=12269"}],"version-history":[{"count":3,"href":"https:\/\/fraynelson.com\/blog\/wp-json\/wp\/v2\/pages\/12269\/revisions"}],"predecessor-version":[{"id":12403,"href":"https:\/\/fraynelson.com\/blog\/wp-json\/wp\/v2\/pages\/12269\/revisions\/12403"}],"up":[{"embeddable":true,"href":"https:\/\/fraynelson.com\/blog\/wp-json\/wp\/v2\/pages\/12257"}],"wp:attachment":[{"href":"https:\/\/fraynelson.com\/blog\/wp-json\/wp\/v2\/media?parent=12269"}],"curies":[{"name":"wp","href":"https:\/\/api.w.org\/{rel}","templated":true}]}}