{"id":12268,"date":"2011-10-31T11:32:16","date_gmt":"2011-10-31T16:32:16","guid":{"rendered":"http:\/\/fraynelson.com\/blog\/?page_id=12268"},"modified":"2011-10-31T20:10:54","modified_gmt":"2011-11-01T01:10:54","slug":"muerte","status":"publish","type":"page","link":"https:\/\/fraynelson.com\/blog\/sabiduria\/muerte\/","title":{"rendered":"Muerte"},"content":{"rendered":"<p>Cu\u00e1ntas muertes m\u00e1s ser\u00e1n necesarias para darnos cuenta de que ya han sido demasiadas. \u2013 Bob Dylan<\/p>\n<p>Lo que pensamos de la muerte s\u00f3lo tiene importancia por lo que la muerte nos hace pensar de la vida. \u2013 Charles de Gaulle<\/p>\n<p>La muerte s\u00f3lo ser\u00e1 triste para los que no han pensado en ella. \u2013 F\u00e9nelon<\/p>\n<p>La muerte para los j\u00f3venes es naufragio y para los viejos es llegar a puerto. \u2013 Baltasar Graci\u00e1n<\/p>\n<p>La muerte no llega m\u00e1s que una vez, pero se hace sentir en todos los momentos de la vida. \u2013 Jean de la Bruyere<\/p>\n<p>Diferentes en la vida, los hombres son semejantes en la muerte. \u2013 Lao-ts\u00e9<\/p>\n<p>El hombre que no percibe el drama de su propio fin no est\u00e1 en la normalidad sino en la patolog\u00eda, y tendr\u00eda que tenderse en la camilla y dejarse curar. \u2013 Carl Gustav Jung<\/p>\n<p>La muerte es el comienzo de la inmortalidad. \u2013 Maximilian Robespierre<\/p>\n<p>Una muerte bella honra toda la vida. \u2013 Francesco Petrarca<\/p>\n<p>Conviene vivir considerando que se ha de morir; la muerte siempre es buena; parece mala a veces porque es malo a veces el que muere. \u2013 Francisco de Quevedo <\/p>\n<p>As\u00ed como una jornada bien empleada produce un dulce sue\u00f1o, as\u00ed una vida bien usada causa una dulce muerte. \u2013 Leonardo Da Vinci<\/p>\n<p>No basta con pensar en la muerte, sino que se debe tenerla siempre delante. Entonces la vida se hace m\u00e1s solemne, m\u00e1s importante, m\u00e1s fecunda y alegre. \u2013 Stefan Zweig<\/p>\n<p>Si la muerte no fuera el preludio a otra vida, la vida presente ser\u00eda una burla cruel. \u2013 Mahatma Gandhi<\/p>\n<p>Es m\u00e1s cruel temer a la muerte que morir. \u2013 Publio Siro<\/p>\n<p>Incierto es el lugar en donde la muerte te espera; esp\u00e9rela, pues, en todo lugar. \u2013 Lucio Anneo S\u00e9neca<\/p>\n<p><i>Deseas m\u00e1s <a href=\"https:\/\/fraynelson.com\/blog\/sabiduria\/\" title=\"Un Sorbo de Sabiduria\">sorbos de sabidur\u00eda<\/a>?<\/i><\/p>\n","protected":false},"excerpt":{"rendered":"<p>Cu\u00e1ntas muertes m\u00e1s ser\u00e1n necesarias para darnos cuenta de que ya han sido demasiadas. \u2013 Bob Dylan Lo que pensamos de la muerte s\u00f3lo tiene importancia por lo que la muerte nos hace pensar de la vida. \u2013 Charles de Gaulle La muerte s\u00f3lo ser\u00e1 triste para los que no han pensado en ella. \u2013 &hellip; <\/p>\n<p class=\"link-more\"><a href=\"https:\/\/fraynelson.com\/blog\/sabiduria\/muerte\/\" class=\"more-link\">Continuar leyendo<span class=\"screen-reader-text\"> &#8220;Muerte&#8221;<\/span><\/a><\/p>\n","protected":false},"author":1138,"featured_media":0,"parent":12257,"menu_order":0,"comment_status":"closed","ping_status":"closed","template":"","meta":{"footnotes":""},"class_list":["post-12268","page","type-page","status-publish","hentry"],"_links":{"self":[{"href":"https:\/\/fraynelson.com\/blog\/wp-json\/wp\/v2\/pages\/12268","targetHints":{"allow":["GET"]}}],"collection":[{"href":"https:\/\/fraynelson.com\/blog\/wp-json\/wp\/v2\/pages"}],"about":[{"href":"https:\/\/fraynelson.com\/blog\/wp-json\/wp\/v2\/types\/page"}],"author":[{"embeddable":true,"href":"https:\/\/fraynelson.com\/blog\/wp-json\/wp\/v2\/users\/1138"}],"replies":[{"embeddable":true,"href":"https:\/\/fraynelson.com\/blog\/wp-json\/wp\/v2\/comments?post=12268"}],"version-history":[{"count":4,"href":"https:\/\/fraynelson.com\/blog\/wp-json\/wp\/v2\/pages\/12268\/revisions"}],"predecessor-version":[{"id":12362,"href":"https:\/\/fraynelson.com\/blog\/wp-json\/wp\/v2\/pages\/12268\/revisions\/12362"}],"up":[{"embeddable":true,"href":"https:\/\/fraynelson.com\/blog\/wp-json\/wp\/v2\/pages\/12257"}],"wp:attachment":[{"href":"https:\/\/fraynelson.com\/blog\/wp-json\/wp\/v2\/media?parent=12268"}],"curies":[{"name":"wp","href":"https:\/\/api.w.org\/{rel}","templated":true}]}}