{"id":12262,"date":"2011-10-30T12:08:02","date_gmt":"2011-10-30T17:08:02","guid":{"rendered":"http:\/\/fraynelson.com\/blog\/?page_id=12262"},"modified":"2011-10-30T12:08:02","modified_gmt":"2011-10-30T17:08:02","slug":"amistad","status":"publish","type":"page","link":"https:\/\/fraynelson.com\/blog\/sabiduria\/amistad\/","title":{"rendered":"Amistad"},"content":{"rendered":"<p>\u00bfLa gente se te hace pesada? No te la cargues en tu espalda, ll\u00e9vatela a tu coraz\u00f3n. \u2013 H\u00e9lder C\u00e1mara<\/p>\n<p>De dondequiera que seas en este mundo, tus amigos son tu mundo. \u2013 William James<\/p>\n<p>Tus amigos son la forma que tiene Dios de disculparse por tus familiares. \u2013 Wayne Dyer<\/p>\n<p>El dinero no nos proporciona amigos, sino enemigos de mejor calidad. \u2013 Noel Coward<\/p>\n<p>Tu amigo tiene un amigo; y el amigo de tu amigo tiene otro amigo; por consiguiente s\u00e9 discreto. \u2013 Talmud.<\/p>\n<p>T\u00f3mate tiempo en escoger un amigo, pero s\u00e9 m\u00e1s lento a\u00fan en cambiarlo. \u2013 Benjamin Franklin<\/p>\n<p>Si hay algo que he aprendido, es que la piedad es m\u00e1s inteligente que el odio, que la misericordia es preferible a\u00fan a la justicia misma, que si uno va por el mundo con mirada amistosa, uno hace buenos amigos. \u2013 Philip Gibbs<\/p>\n<p>Deben buscarse los amigos como los buenos libros. No est\u00e1 la felicidad en que sean muchos ni muy curiosos; sino pocos, buenos y bien conocidos. \u2013 Mateo Alem\u00e1n<\/p>\n<p>Los amigos son esa parte de la raza humana con la que uno puede ser humano. \u2013 Jorge Santayana<\/p>\n<p>Quien no busc\u00f3 amigos en la alegr\u00eda, en la desgracia no los pida. \u2013 Refr\u00e1n<\/p>\n<p>Un amigo es uno que lo sabe todo de ti y a pesar de ello te quiere. \u2013 Elbert Hubbard<\/p>\n<p>Un hermano puede no ser un amigo, pero un amigo ser\u00e1 siempre un hermano. \u2013 Demetrio de Falero<\/p>\n<p>El que busca un amigo sin defectos se queda sin amigos. \u2013 Proverbio turco<\/p>\n<p>La verdadera amistad es como la fosforescencia, resplandece mejor cuando todo se ha oscurecido. \u2013 Rabindranath Tagore<\/p>\n<p>La amistad duplica las alegr\u00edas y divide las angustias por la mitad. \u2013 Sir Francis Bacon<\/p>\n","protected":false},"excerpt":{"rendered":"<p>\u00bfLa gente se te hace pesada? No te la cargues en tu espalda, ll\u00e9vatela a tu coraz\u00f3n. \u2013 H\u00e9lder C\u00e1mara De dondequiera que seas en este mundo, tus amigos son tu mundo. \u2013 William James Tus amigos son la forma que tiene Dios de disculparse por tus familiares. \u2013 Wayne Dyer El dinero no nos &hellip; <\/p>\n<p class=\"link-more\"><a href=\"https:\/\/fraynelson.com\/blog\/sabiduria\/amistad\/\" class=\"more-link\">Continuar leyendo<span class=\"screen-reader-text\"> &#8220;Amistad&#8221;<\/span><\/a><\/p>\n","protected":false},"author":1138,"featured_media":0,"parent":12257,"menu_order":0,"comment_status":"closed","ping_status":"closed","template":"","meta":{"footnotes":""},"class_list":["post-12262","page","type-page","status-publish","hentry"],"_links":{"self":[{"href":"https:\/\/fraynelson.com\/blog\/wp-json\/wp\/v2\/pages\/12262","targetHints":{"allow":["GET"]}}],"collection":[{"href":"https:\/\/fraynelson.com\/blog\/wp-json\/wp\/v2\/pages"}],"about":[{"href":"https:\/\/fraynelson.com\/blog\/wp-json\/wp\/v2\/types\/page"}],"author":[{"embeddable":true,"href":"https:\/\/fraynelson.com\/blog\/wp-json\/wp\/v2\/users\/1138"}],"replies":[{"embeddable":true,"href":"https:\/\/fraynelson.com\/blog\/wp-json\/wp\/v2\/comments?post=12262"}],"version-history":[{"count":2,"href":"https:\/\/fraynelson.com\/blog\/wp-json\/wp\/v2\/pages\/12262\/revisions"}],"predecessor-version":[{"id":12377,"href":"https:\/\/fraynelson.com\/blog\/wp-json\/wp\/v2\/pages\/12262\/revisions\/12377"}],"up":[{"embeddable":true,"href":"https:\/\/fraynelson.com\/blog\/wp-json\/wp\/v2\/pages\/12257"}],"wp:attachment":[{"href":"https:\/\/fraynelson.com\/blog\/wp-json\/wp\/v2\/media?parent=12262"}],"curies":[{"name":"wp","href":"https:\/\/api.w.org\/{rel}","templated":true}]}}