{"id":12257,"date":"2011-10-30T12:04:26","date_gmt":"2011-10-30T17:04:26","guid":{"rendered":"http:\/\/fraynelson.com\/blog\/?page_id=12257"},"modified":"2012-02-25T21:58:46","modified_gmt":"2012-02-26T02:58:46","slug":"sabiduria","status":"publish","type":"page","link":"https:\/\/fraynelson.com\/blog\/sabiduria\/","title":{"rendered":"Un Sorbo de Sabiduria"},"content":{"rendered":"<p>Frases para sonre\u00edr y para pensar, sobre:<\/p>\n<ul>\n<li><a href=\"https:\/\/fraynelson.com\/blog\/sabiduria\/amistad\/\" target=\"_blank\">Amistad<\/a><\/li>\n<li><a href=\"https:\/\/fraynelson.com\/blog\/sabiduria\/animales\/\" title=\"Animales\" target=\"_blank\">Animales<\/a><\/li>\n<li><a href=\"https:\/\/fraynelson.com\/blog\/sabiduria\/belleza\/\" title=\"Belleza\" target=\"_blank\">Belleza<\/a><\/li>\n<li><a href=\"https:\/\/fraynelson.com\/blog\/sabiduria\/bondad\/\" title=\"Bondad\" target=\"_blank\">Bondad<\/a><\/li>\n<li><a href=\"https:\/\/fraynelson.com\/blog\/sabiduria\/ciencia\/\" title=\"Ciencia\" target=\"_blank\">Ciencia<\/a><\/li>\n<li><a href=\"https:\/\/fraynelson.com\/blog\/sabiduria\/confianza\/\" title=\"Confianza\" target=\"_blank\">Confianza<\/a><\/li>\n<li><a href=\"https:\/\/fraynelson.com\/blog\/sabiduria\/decisiones\/\" title=\"Decisiones\" target=\"_blank\">Decisiones<\/a><\/li>\n<li><a href=\"https:\/\/fraynelson.com\/blog\/sabiduria\/deporte\/\" title=\"Deportes\" target=\"_blank\">Deportes<\/a><\/li>\n<li><a href=\"https:\/\/fraynelson.com\/blog\/sabiduria\/deseos\/\" title=\"Deseos\" target=\"_blank\">Deseos<\/a><\/li>\n<li><a href=\"https:\/\/fraynelson.com\/blog\/sabiduria\/destino\/\" title=\"Destino\" target=\"_blank\">Destino<\/a><\/li>\n<li><a href=\"https:\/\/fraynelson.com\/blog\/sabiduria\/dinero\/\" title=\"Dinero\" target=\"_blank\">Dinero<\/a><\/li>\n<li><a href=\"https:\/\/fraynelson.com\/blog\/sabiduria\/educacion\/\" title=\"Educacion\" target=\"_blank\">Educacion<\/a><\/li>\n<li><a href=\"https:\/\/fraynelson.com\/blog\/sabiduria\/esperanza\/\" title=\"Esperanza\" target=\"_blank\">Esperanza<\/a><\/li>\n<li><a href=\"https:\/\/fraynelson.com\/blog\/sabiduria\/felicidad\/\" title=\"Felicidad\" target=\"_blank\">Felicidad<\/a><\/li>\n<li><a href=\"https:\/\/fraynelson.com\/blog\/sabiduria\/futuro\/\" title=\"Futuro\" target=\"_blank\">Futuro<\/a><\/li>\n<li><a href=\"https:\/\/fraynelson.com\/blog\/sabiduria\/gratitud\/\" title=\"Gratitud\" target=\"_blank\">Gratitud<\/a><\/li>\n<li><a href=\"https:\/\/fraynelson.com\/blog\/sabiduria\/guerra\/\" title=\"Guerra\" target=\"_blank\">Guerra<\/a><\/li>\n<li><a href=\"https:\/\/fraynelson.com\/blog\/sabiduria\/ignorancia\/\" title=\"Ignorancia\" target=\"_blank\">Ignorancia<\/a><\/li>\n<li><a href=\"https:\/\/fraynelson.com\/blog\/sabiduria\/juventud\/\" title=\"Juventud\" target=\"_blank\">Juventud<\/a><\/li>\n<li><a href=\"https:\/\/fraynelson.com\/blog\/sabiduria\/leyes\/\" title=\"Leyes\" target=\"_blank\">Leyes<\/a><\/li>\n<li><a href=\"https:\/\/fraynelson.com\/blog\/sabiduria\/libertad\/\" title=\"Libertad\" target=\"_blank\">Libertad<\/a><\/li>\n<li><a href=\"https:\/\/fraynelson.com\/blog\/sabiduria\/libros-y-literatura\/\" title=\"Libros y Literatura\" target=\"_blank\">Libros y Literatura<\/a><\/li>\n<li><a href=\"https:\/\/fraynelson.com\/blog\/sabiduria\/maldad\/\" title=\"Maldad\" target=\"_blank\">Maldad<\/a><\/li>\n<li><a href=\"https:\/\/fraynelson.com\/blog\/sabiduria\/matematicas\/\" title=\"Matematicas\" target=\"_blank\">Matem\u00e1ticas<\/a><\/li>\n<li><a href=\"https:\/\/fraynelson.com\/blog\/sabiduria\/medicina\/\" title=\"Medicina\" target=\"_blank\">Medicina<\/a><\/li>\n<li><a href=\"https:\/\/fraynelson.com\/blog\/sabiduria\/muerte\/\" title=\"Muerte\" target=\"_blank\">Muerte<\/a><\/li>\n<li><a href=\"https:\/\/fraynelson.com\/blog\/sabiduria\/mujeres\/\" title=\"Mujeres\" target=\"_blank\">Mujer<\/a><\/li>\n<li><a href=\"https:\/\/fraynelson.com\/blog\/sabiduria\/musica\/\" title=\"Musica\" target=\"_blank\">M\u00fasica<\/a><\/li>\n<li><a href=\"https:\/\/fraynelson.com\/blog\/sabiduria\/padres\/\" title=\"Padres\" target=\"_blank\">Padres<\/a><\/li>\n<li><a href=\"https:\/\/fraynelson.com\/blog\/sabiduria\/peligro\/\" title=\"Peligro\" target=\"_blank\">Peligro<\/a><\/li>\n<li><a href=\"https:\/\/fraynelson.com\/blog\/sabiduria\/politica\/\" title=\"Politica\" target=\"_blank\">Pol\u00edtica<\/a><\/li>\n<li><a href=\"https:\/\/fraynelson.com\/blog\/sabiduria\/politica\/\" title=\"Religi\u00f3n\" target=\"_blank\">Religion<\/a><\/li>\n<li><a href=\"https:\/\/fraynelson.com\/blog\/sabiduria\/trabajo\/\" title=\"Trabajo\" target=\"_blank\">Trabajo<\/a><\/li>\n<li><a href=\"https:\/\/fraynelson.com\/blog\/sabiduria\/vejez\/\" title=\"Vejez\" target=\"_blank\">Vejez<\/a><\/li>\n<li><a href=\"https:\/\/fraynelson.com\/blog\/sabiduria\/venganza\/\" title=\"Venganza\" target=\"_blank\">Venganza<\/a><\/li>\n<li><a href=\"https:\/\/fraynelson.com\/blog\/sabiduria\/verdad\/\" title=\"Verdad\" target=\"_blank\">Verdad<\/a><\/li>\n<li><a href=\"https:\/\/fraynelson.com\/blog\/sabiduria\/vida-y-muerte\/\" title=\"Vida y Muerte\" target=\"_blank\">Vida y Muerte<\/a><\/li>\n<li><a href=\"https:\/\/fraynelson.com\/blog\/sabiduria\/virtud\/\" title=\"Virtud\" target=\"_blank\">Virtud<\/a><\/li>\n<\/ul>\n","protected":false},"excerpt":{"rendered":"<p>Frases para sonre\u00edr y para pensar, sobre: Amistad Animales Belleza Bondad Ciencia Confianza Decisiones Deportes Deseos Destino Dinero Educacion Esperanza Felicidad Futuro Gratitud Guerra Ignorancia Juventud Leyes Libertad Libros y Literatura Maldad Matem\u00e1ticas Medicina Muerte Mujer M\u00fasica Padres Peligro Pol\u00edtica Religion Trabajo Vejez Venganza Verdad Vida y Muerte Virtud<\/p>\n","protected":false},"author":1138,"featured_media":0,"parent":0,"menu_order":3,"comment_status":"closed","ping_status":"closed","template":"","meta":{"footnotes":""},"class_list":["post-12257","page","type-page","status-publish","hentry"],"_links":{"self":[{"href":"https:\/\/fraynelson.com\/blog\/wp-json\/wp\/v2\/pages\/12257","targetHints":{"allow":["GET"]}}],"collection":[{"href":"https:\/\/fraynelson.com\/blog\/wp-json\/wp\/v2\/pages"}],"about":[{"href":"https:\/\/fraynelson.com\/blog\/wp-json\/wp\/v2\/types\/page"}],"author":[{"embeddable":true,"href":"https:\/\/fraynelson.com\/blog\/wp-json\/wp\/v2\/users\/1138"}],"replies":[{"embeddable":true,"href":"https:\/\/fraynelson.com\/blog\/wp-json\/wp\/v2\/comments?post=12257"}],"version-history":[{"count":13,"href":"https:\/\/fraynelson.com\/blog\/wp-json\/wp\/v2\/pages\/12257\/revisions"}],"predecessor-version":[{"id":13823,"href":"https:\/\/fraynelson.com\/blog\/wp-json\/wp\/v2\/pages\/12257\/revisions\/13823"}],"wp:attachment":[{"href":"https:\/\/fraynelson.com\/blog\/wp-json\/wp\/v2\/media?parent=12257"}],"curies":[{"name":"wp","href":"https:\/\/api.w.org\/{rel}","templated":true}]}}